{"id":1223,"date":"2019-04-15T17:11:13","date_gmt":"2019-04-15T15:11:13","guid":{"rendered":"https:\/\/inovad.net\/parkngo\/?page_id=1223"},"modified":"2019-04-15T17:11:55","modified_gmt":"2019-04-15T15:11:55","slug":"sitemap","status":"publish","type":"page","link":"https:\/\/inovad.net\/parkngo\/sitemap","title":{"rendered":"Sitemap"},"content":{"rendered":"<div class=\"wsp-container\"><h2 class=\"wsp-pages-title\">Pages<\/h2>\n<ul class=\"wsp-pages-list\">\n<li class=\"page_item page-item-2087\"><a href=\"https:\/\/inovad.net\/parkngo\/acces-contact\">Acc\u00e8s &#038; Contact<\/a><\/li>\n<li class=\"page_item page-item-293\"><a href=\"https:\/\/inovad.net\/parkngo\/\">Accueil<\/a><\/li>\n<li class=\"page_item page-item-1567\"><a href=\"https:\/\/inovad.net\/parkngo\/annulation-valet\">Annulation voiturier<\/a><\/li>\n<li class=\"page_item page-item-933\"><a href=\"https:\/\/inovad.net\/parkngo\/conditions-generales\">Conditions g\u00e9n\u00e9rales<\/a><\/li>\n<li class=\"page_item page-item-1517\"><a href=\"https:\/\/inovad.net\/parkngo\/confirmation\">Confirmation<\/a><\/li>\n<li class=\"page_item page-item-1563\"><a href=\"https:\/\/inovad.net\/parkngo\/confirmation-valet\">Confirmation voiturier<\/a><\/li>\n<li class=\"page_item page-item-894\"><a href=\"https:\/\/inovad.net\/parkngo\/faqs\">F.A.Q<\/a><\/li>\n<li class=\"page_item page-item-1807\"><a href=\"https:\/\/inovad.net\/parkngo\/pmx-thank-you\">Merci \u2013 R\u00e9servation confirm\u00e9e<\/a><\/li>\n<li class=\"page_item page-item-1575\"><a href=\"https:\/\/inovad.net\/parkngo\/paiement\">Paiement<\/a><\/li>\n<li class=\"page_item page-item-1519\"><a href=\"https:\/\/inovad.net\/parkngo\/paiement-en-attente\">Paiement en attente<\/a><\/li>\n<li class=\"page_item page-item-1806\"><a href=\"https:\/\/inovad.net\/parkngo\/pmx-payment\">Paiement r\u00e9servation<\/a><\/li>\n<li class=\"page_item page-item-1194\"><a href=\"https:\/\/inovad.net\/parkngo\/parking-orly-ouest\">Parking d\u2019Orly ouest, r\u00e9servez votre place<\/a><\/li>\n<li class=\"page_item page-item-1184\"><a href=\"https:\/\/inovad.net\/parkngo\/parking-dorly-sud-votre-place-au-meilleur-prix\">Parking d\u2019Orly sud, votre place au meilleur prix<\/a><\/li>\n<li class=\"page_item page-item-1200\"><a href=\"https:\/\/inovad.net\/parkngo\/parking-longue-duree-orly\">Parking longue dur\u00e9e \u00e0 Orly, partez tranquille !<\/a><\/li>\n<li class=\"page_item page-item-1204\"><a href=\"https:\/\/inovad.net\/parkngo\/parking-orly-pas-cher\">Parking Orly pas cher, \u00e9conomisez sur votre parking<\/a><\/li>\n<li class=\"page_item page-item-1214\"><a href=\"https:\/\/inovad.net\/parkngo\/parking-pas-cher-orly\">Parking pas cher Orly, \u00e7a existe !<\/a><\/li>\n<li class=\"page_item page-item-1477\"><a href=\"https:\/\/inovad.net\/parkngo\/politique-de-confidentialite\">Politique de confidentialit\u00e9<\/a><\/li>\n<li class=\"page_item page-item-1215\"><a href=\"https:\/\/inovad.net\/parkngo\/prix-parking-orly-ne-plus\">Prix parking Orly, ne vous faites plus avoir !<\/a><\/li>\n<li class=\"page_item page-item-1124\"><a href=\"https:\/\/inovad.net\/parkngo\/reservation-parking-orly\">R\u00e9servation<\/a><\/li>\n<li class=\"page_item page-item-1550\"><a href=\"https:\/\/inovad.net\/parkngo\/valet\">R\u00e9servation voiturier<\/a><\/li>\n<li class=\"page_item page-item-1223\"><a href=\"https:\/\/inovad.net\/parkngo\/sitemap\">Sitemap<\/a><\/li>\n<li class=\"page_item page-item-1186\"><a href=\"https:\/\/inovad.net\/parkngo\/tarif-parking-orly\">Tarif du parking d&rsquo;Orly<\/a><\/li>\n<li class=\"page_item page-item-888\"><a href=\"https:\/\/inovad.net\/parkngo\/tarifs-parking-parkngo-votre-parking-facile-et-proche-dorly\">Tarifs parking<\/a><\/li>\n<li class=\"page_item page-item-1616\"><a href=\"https:\/\/inovad.net\/parkngo\/tarifs-voiturier\">Tarifs voiturier<\/a><\/li>\n<li class=\"page_item page-item-1181\"><a href=\"https:\/\/inovad.net\/parkngo\/validation\">Validation<\/a><\/li>\n<li class=\"page_item page-item-2020\"><a href=\"https:\/\/inovad.net\/parkngo\/validation-commande\">Validation<\/a><\/li>\n<\/ul>\n<\/div>\n","protected":false},"excerpt":{"rendered":"Pages Acc\u00e8s &#038; Contact Accueil Annulation voiturier Conditions g\u00e9n\u00e9rales Confirmation Confirmation voiturier F.A.Q Merci \u2013 R\u00e9servation confirm\u00e9e Paiement Paiement en attente Paiement r\u00e9servation Parking d\u2019Orly ouest, r\u00e9servez votre place Parking&hellip;","protected":false},"author":7,"featured_media":0,"parent":0,"menu_order":0,"comment_status":"closed","ping_status":"closed","template":"","meta":{"footnotes":""},"class_list":["post-1223","page","type-page","status-publish","hentry"],"yoast_head":"<!-- This site is optimized with the Yoast SEO plugin v26.6 - https:\/\/yoast.com\/wordpress\/plugins\/seo\/ -->\n<title>Sitemap - Parkngo : Votre parking facile et proche d&#039;Orly<\/title>\n<meta name=\"robots\" content=\"index, follow, max-snippet:-1, max-image-preview:large, max-video-preview:-1\" \/>\n<link rel=\"canonical\" href=\"https:\/\/inovad.net\/parkngo\/sitemap\" \/>\n<meta property=\"og:locale\" content=\"fr_FR\" \/>\n<meta property=\"og:type\" content=\"article\" \/>\n<meta property=\"og:title\" content=\"Sitemap - Parkngo : Votre parking facile et proche d&#039;Orly\" \/>\n<meta property=\"og:url\" content=\"https:\/\/inovad.net\/parkngo\/sitemap\" \/>\n<meta property=\"og:site_name\" content=\"Parkngo : Votre parking facile et proche d&#039;Orly\" \/>\n<meta property=\"article:modified_time\" content=\"2019-04-15T15:11:55+00:00\" \/>\n<meta name=\"twitter:card\" content=\"summary_large_image\" \/>\n<script type=\"application\/ld+json\" class=\"yoast-schema-graph\">{\"@context\":\"https:\/\/schema.org\",\"@graph\":[{\"@type\":\"WebPage\",\"@id\":\"https:\/\/inovad.net\/parkngo\/sitemap\",\"url\":\"https:\/\/inovad.net\/parkngo\/sitemap\",\"name\":\"Sitemap - Parkngo : Votre parking facile et proche d&#039;Orly\",\"isPartOf\":{\"@id\":\"https:\/\/inovad.net\/parkngo\/#website\"},\"datePublished\":\"2019-04-15T15:11:13+00:00\",\"dateModified\":\"2019-04-15T15:11:55+00:00\",\"breadcrumb\":{\"@id\":\"https:\/\/inovad.net\/parkngo\/sitemap#breadcrumb\"},\"inLanguage\":\"fr-FR\",\"potentialAction\":[{\"@type\":\"ReadAction\",\"target\":[\"https:\/\/inovad.net\/parkngo\/sitemap\"]}]},{\"@type\":\"BreadcrumbList\",\"@id\":\"https:\/\/inovad.net\/parkngo\/sitemap#breadcrumb\",\"itemListElement\":[{\"@type\":\"ListItem\",\"position\":1,\"name\":\"Accueil\",\"item\":\"https:\/\/inovad.net\/parkngo\/\"},{\"@type\":\"ListItem\",\"position\":2,\"name\":\"Sitemap\"}]},{\"@type\":\"WebSite\",\"@id\":\"https:\/\/inovad.net\/parkngo\/#website\",\"url\":\"https:\/\/inovad.net\/parkngo\/\",\"name\":\"Parkngo, le seul parking \u00e0 moins de 5 minutes d'Orly - 01 46 75 03 03\",\"description\":\"Parkngo\",\"publisher\":{\"@id\":\"https:\/\/inovad.net\/parkngo\/#organization\"},\"potentialAction\":[{\"@type\":\"SearchAction\",\"target\":{\"@type\":\"EntryPoint\",\"urlTemplate\":\"https:\/\/inovad.net\/parkngo\/?s={search_term_string}\"},\"query-input\":{\"@type\":\"PropertyValueSpecification\",\"valueRequired\":true,\"valueName\":\"search_term_string\"}}],\"inLanguage\":\"fr-FR\"},{\"@type\":\"Organization\",\"@id\":\"https:\/\/inovad.net\/parkngo\/#organization\",\"name\":\"Parkngo, le seul parking \u00e0 moins de 5 minutes d'Orly - 01 46 75 03 03\",\"url\":\"https:\/\/inovad.net\/parkngo\/\",\"logo\":{\"@type\":\"ImageObject\",\"inLanguage\":\"fr-FR\",\"@id\":\"https:\/\/inovad.net\/parkngo\/#\/schema\/logo\/image\/\",\"url\":\"https:\/\/inovad.net\/parkngo\/wp-content\/uploads\/2017\/12\/logo-white.png\",\"contentUrl\":\"https:\/\/inovad.net\/parkngo\/wp-content\/uploads\/2017\/12\/logo-white.png\",\"width\":300,\"height\":71,\"caption\":\"Parkngo, le seul parking \u00e0 moins de 5 minutes d'Orly - 01 46 75 03 03\"},\"image\":{\"@id\":\"https:\/\/inovad.net\/parkngo\/#\/schema\/logo\/image\/\"}}]}<\/script>\n<!-- \/ Yoast SEO plugin. -->","yoast_head_json":{"title":"Sitemap - Parkngo : Votre parking facile et proche d&#039;Orly","robots":{"index":"index","follow":"follow","max-snippet":"max-snippet:-1","max-image-preview":"max-image-preview:large","max-video-preview":"max-video-preview:-1"},"canonical":"https:\/\/inovad.net\/parkngo\/sitemap","og_locale":"fr_FR","og_type":"article","og_title":"Sitemap - Parkngo : Votre parking facile et proche d&#039;Orly","og_url":"https:\/\/inovad.net\/parkngo\/sitemap","og_site_name":"Parkngo : Votre parking facile et proche d&#039;Orly","article_modified_time":"2019-04-15T15:11:55+00:00","twitter_card":"summary_large_image","schema":{"@context":"https:\/\/schema.org","@graph":[{"@type":"WebPage","@id":"https:\/\/inovad.net\/parkngo\/sitemap","url":"https:\/\/inovad.net\/parkngo\/sitemap","name":"Sitemap - Parkngo : Votre parking facile et proche d&#039;Orly","isPartOf":{"@id":"https:\/\/inovad.net\/parkngo\/#website"},"datePublished":"2019-04-15T15:11:13+00:00","dateModified":"2019-04-15T15:11:55+00:00","breadcrumb":{"@id":"https:\/\/inovad.net\/parkngo\/sitemap#breadcrumb"},"inLanguage":"fr-FR","potentialAction":[{"@type":"ReadAction","target":["https:\/\/inovad.net\/parkngo\/sitemap"]}]},{"@type":"BreadcrumbList","@id":"https:\/\/inovad.net\/parkngo\/sitemap#breadcrumb","itemListElement":[{"@type":"ListItem","position":1,"name":"Accueil","item":"https:\/\/inovad.net\/parkngo\/"},{"@type":"ListItem","position":2,"name":"Sitemap"}]},{"@type":"WebSite","@id":"https:\/\/inovad.net\/parkngo\/#website","url":"https:\/\/inovad.net\/parkngo\/","name":"Parkngo, le seul parking \u00e0 moins de 5 minutes d'Orly - 01 46 75 03 03","description":"Parkngo","publisher":{"@id":"https:\/\/inovad.net\/parkngo\/#organization"},"potentialAction":[{"@type":"SearchAction","target":{"@type":"EntryPoint","urlTemplate":"https:\/\/inovad.net\/parkngo\/?s={search_term_string}"},"query-input":{"@type":"PropertyValueSpecification","valueRequired":true,"valueName":"search_term_string"}}],"inLanguage":"fr-FR"},{"@type":"Organization","@id":"https:\/\/inovad.net\/parkngo\/#organization","name":"Parkngo, le seul parking \u00e0 moins de 5 minutes d'Orly - 01 46 75 03 03","url":"https:\/\/inovad.net\/parkngo\/","logo":{"@type":"ImageObject","inLanguage":"fr-FR","@id":"https:\/\/inovad.net\/parkngo\/#\/schema\/logo\/image\/","url":"https:\/\/inovad.net\/parkngo\/wp-content\/uploads\/2017\/12\/logo-white.png","contentUrl":"https:\/\/inovad.net\/parkngo\/wp-content\/uploads\/2017\/12\/logo-white.png","width":300,"height":71,"caption":"Parkngo, le seul parking \u00e0 moins de 5 minutes d'Orly - 01 46 75 03 03"},"image":{"@id":"https:\/\/inovad.net\/parkngo\/#\/schema\/logo\/image\/"}}]}},"_links":{"self":[{"href":"https:\/\/inovad.net\/parkngo\/wp-json\/wp\/v2\/pages\/1223","targetHints":{"allow":["GET"]}}],"collection":[{"href":"https:\/\/inovad.net\/parkngo\/wp-json\/wp\/v2\/pages"}],"about":[{"href":"https:\/\/inovad.net\/parkngo\/wp-json\/wp\/v2\/types\/page"}],"author":[{"embeddable":true,"href":"https:\/\/inovad.net\/parkngo\/wp-json\/wp\/v2\/users\/7"}],"replies":[{"embeddable":true,"href":"https:\/\/inovad.net\/parkngo\/wp-json\/wp\/v2\/comments?post=1223"}],"version-history":[{"count":2,"href":"https:\/\/inovad.net\/parkngo\/wp-json\/wp\/v2\/pages\/1223\/revisions"}],"predecessor-version":[{"id":1226,"href":"https:\/\/inovad.net\/parkngo\/wp-json\/wp\/v2\/pages\/1223\/revisions\/1226"}],"wp:attachment":[{"href":"https:\/\/inovad.net\/parkngo\/wp-json\/wp\/v2\/media?parent=1223"}],"curies":[{"name":"wp","href":"https:\/\/api.w.org\/{rel}","templated":true}]}}