{"id":1215,"date":"2019-04-15T17:09:39","date_gmt":"2019-04-15T15:09:39","guid":{"rendered":"https:\/\/inovad.net\/parkngo\/?page_id=1215"},"modified":"2019-04-15T17:09:51","modified_gmt":"2019-04-15T15:09:51","slug":"prix-parking-orly-ne-plus","status":"publish","type":"page","link":"https:\/\/inovad.net\/parkngo\/prix-parking-orly-ne-plus","title":{"rendered":"Prix parking Orly, ne vous faites plus avoir !"},"content":{"rendered":"<div class=\"wpb-content-wrapper\"><p>[vc_row][vc_column icons_position=\u00a0\u00bbleft\u00a0\u00bb][vc_column_text]Le prix et la disponibilit\u00e9 des parkings des a\u00e9roports d\u00e9couragent de nombreux voyageurs \u00e0 s\u2019y rendre avec leur propre voiture. A la place, ils pr\u00e9f\u00e8rent prendre le bus ou le taxi, qui n\u2019est pourtant pas l\u2019option la plus rapide ou la moins stressante pour entamer son voyage, ou rentrer chez soi une fois revenu. Il existe pourtant d\u2019autres alternatives, plus pratiques et peu couteuses \u00e0 ces stationnements conventionnels. Plus besoin de comparer des heures les <b>prix parking Orly<\/b>, puisque vous pouvez d\u00e9sormais b\u00e9n\u00e9ficier d\u2019une place de stationnement \u00e0 petit prix, tout pr\u00e8s de votre terminal.[\/vc_column_text][\/vc_column][\/vc_row][vc_row css=\u00a0\u00bb.vc_custom_1555340773737{margin-top: 40px !important;}\u00a0\u00bb][vc_column icons_position=\u00a0\u00bbleft\u00a0\u00bb][vc_btn title=\u00a0\u00bbJe r\u00e9serve ma place !\u00a0\u00bb style=\u00a0\u00bbflat\u00a0\u00bb color=\u00a0\u00bbprimary\u00a0\u00bb align=\u00a0\u00bbcenter\u00a0\u00bb link=\u00a0\u00bburl:https%3A%2F%2Finovad.net%2Fparkngo%2Freservation|||\u00a0\u00bb][\/vc_column][\/vc_row][vc_row css=\u00a0\u00bb.vc_custom_1555340942560{margin-top: 40px !important;margin-bottom: 40px !important;}\u00a0\u00bb][vc_column icons_position=\u00a0\u00bbleft\u00a0\u00bb][vc_video link=\u00a0\u00bbhttps:\/\/www.youtube.com\/watch?v=6VELZlyPg2w\u00a0\u00bb align=\u00a0\u00bbcenter\u00a0\u00bb][\/vc_column][\/vc_row][vc_row][vc_column icons_position=\u00a0\u00bbleft\u00a0\u00bb][vc_column_text]<\/p>\n<h2>Quels sont les prix parking Orly\u00a0?<\/h2>\n<p>Pour un voyage depuis l\u2019a\u00e9roport d\u2019Orly, le premier choix qui s\u2019offre au voyageur reste les parkings officiels de l\u2019a\u00e9roport. Or, ce n\u2019est pas le choix le moins couteux, ni le plus pratique. Et pour cause, au P1 par exemple, le tarif est de 6 4euros par 1 jour. Il est de 164 euros la semaine et 624 euros si vous r\u00e9servez pour 1 mois. Hormis les tarifs, d\u2019autres contraintes entrent en jeu. D\u2019abord, la disponibilit\u00e9 qui \u00a0n\u2019est pas toujours assur\u00e9e, en raison du trafic. Ensuite, vous pourrez perdre du temps en faisant la queue pour prendre le ticket \u00e0 la borne d\u2019entr\u00e9e. Ticket qu\u2019il ne faudra pas perdre, sous peine de \u00a0r\u00e9gler un montant forfaitaire. Et ne parlons pas du fait que vous devriez encore vous rendre au terminal en trimbalant tous vos bagages.<\/p>\n<h2>Prix parking orly : Quelle alternative\u00a0?<\/h2>\n<p>Pour faciliter au maximum votre d\u00e9part et votre retour, il existe des plateformes qui se trouvent dans la zone a\u00e9roportuaire d\u2019Orly, o\u00f9 vous pourrez garer votre v\u00e9hicule \u00e0 moindre prix. Ainsi, vous pourrez vous rendre \u00e0 l\u2019a\u00e9roport avec vos bagages, tout en profitant du confort de votre v\u00e9hicule. La r\u00e9servation se fait en ligne ou par t\u00e9l\u00e9phone, en remplissant un simple formulaire. Vous recevez ensuite une confirmation, ainsi que l\u2019itin\u00e9raire pour vous rendre \u00e0 votre place de stationnement. Cette derni\u00e8re est enti\u00e8rement s\u00e9curis\u00e9e et surveill\u00e9e, de jour, comme de nuit, pour vous assurer un s\u00e9jour en toute tranquillit\u00e9. Une fois de retour, vous retrouvez votre voiture l\u00e0 o\u00f9 vous l\u2019avez laiss\u00e9 et vous pourrez rentrer tranquillement.<\/p>\n<h3>Quels sont les avantages de ce genre d\u2019offre\u00a0?<\/h3>\n<p>La facilit\u00e9, la flexibilit\u00e9, ainsi qu\u2019une \u00e9conomie cons\u00e9quente sur votre temps et votre budget. En effet, vous aurez droit \u00e0 des <b>prix parking Orly<\/b> particuli\u00e8rement avantageux, compar\u00e9s \u00e0 ceux des a\u00e9roports. Pas de temps d\u2019attente inutile non plus, puisqu\u2019une fois arriv\u00e9 sur place, vous n\u2019avez qu\u2019\u00e0 garer votre v\u00e9hicule et une navette se charge de vous amener au terminal avec vos bagages et vous ram\u00e8ne \u00e9galement au retour. Un service qui est directement inclut dans votre r\u00e9servation de d\u00e9part. Ainsi, vous n\u2019aurez pas \u00e0 craindre de mauvaises surprises, quant \u00e0 des co\u00fbts suppl\u00e9mentaires inattendus. Et puisque vos donn\u00e9es de vol peuvent changer, ou encore la dur\u00e9e de votre s\u00e9jour en raison d\u2019\u00e9v\u00e9nements inattendus, ce genre de plateforme vous offre la possibilit\u00e9 de moduler aux besoins votre r\u00e9servation.[\/vc_column_text][\/vc_column][\/vc_row]<\/p>\n<\/div>","protected":false},"excerpt":{"rendered":"<p>[vc_row][vc_column icons_position=\u00a0\u00bbleft\u00a0\u00bb][vc_column_text]Le prix et la disponibilit\u00e9 des parkings des a\u00e9roports d\u00e9couragent de nombreux voyageurs \u00e0 s\u2019y rendre avec leur propre voiture. A la place, ils pr\u00e9f\u00e8rent prendre le bus ou&hellip;<\/p>\n","protected":false},"author":7,"featured_media":0,"parent":0,"menu_order":0,"comment_status":"closed","ping_status":"closed","template":"","meta":{"footnotes":""},"class_list":["post-1215","page","type-page","status-publish","hentry"],"yoast_head":"<!-- This site is optimized with the Yoast SEO plugin v26.6 - https:\/\/yoast.com\/wordpress\/plugins\/seo\/ -->\n<title>Prix parking Orly, ne vous faites plus avoir ! - Parkngo : Votre parking facile et proche d&#039;Orly<\/title>\n<meta name=\"robots\" content=\"index, follow, max-snippet:-1, max-image-preview:large, max-video-preview:-1\" \/>\n<link rel=\"canonical\" href=\"https:\/\/inovad.net\/parkngo\/prix-parking-orly-ne-plus\" \/>\n<meta property=\"og:locale\" content=\"fr_FR\" \/>\n<meta property=\"og:type\" content=\"article\" \/>\n<meta property=\"og:title\" content=\"Prix parking Orly, ne vous faites plus avoir ! - Parkngo : Votre parking facile et proche d&#039;Orly\" \/>\n<meta property=\"og:description\" content=\"[vc_row][vc_column icons_position=\u00a0\u00bbleft\u00a0\u00bb][vc_column_text]Le prix et la disponibilit\u00e9 des parkings des a\u00e9roports d\u00e9couragent de nombreux voyageurs \u00e0 s\u2019y rendre avec leur propre voiture. A la place, ils pr\u00e9f\u00e8rent prendre le bus ou&hellip;\" \/>\n<meta property=\"og:url\" content=\"https:\/\/inovad.net\/parkngo\/prix-parking-orly-ne-plus\" \/>\n<meta property=\"og:site_name\" content=\"Parkngo : Votre parking facile et proche d&#039;Orly\" \/>\n<meta property=\"article:modified_time\" content=\"2019-04-15T15:09:51+00:00\" \/>\n<meta name=\"twitter:card\" content=\"summary_large_image\" \/>\n<meta name=\"twitter:label1\" content=\"Dur\u00e9e de lecture estim\u00e9e\" \/>\n\t<meta name=\"twitter:data1\" content=\"3 minutes\" \/>\n<script type=\"application\/ld+json\" class=\"yoast-schema-graph\">{\"@context\":\"https:\/\/schema.org\",\"@graph\":[{\"@type\":\"WebPage\",\"@id\":\"https:\/\/inovad.net\/parkngo\/prix-parking-orly-ne-plus\",\"url\":\"https:\/\/inovad.net\/parkngo\/prix-parking-orly-ne-plus\",\"name\":\"Prix parking Orly, ne vous faites plus avoir ! - Parkngo : Votre parking facile et proche d&#039;Orly\",\"isPartOf\":{\"@id\":\"https:\/\/inovad.net\/parkngo\/#website\"},\"datePublished\":\"2019-04-15T15:09:39+00:00\",\"dateModified\":\"2019-04-15T15:09:51+00:00\",\"breadcrumb\":{\"@id\":\"https:\/\/inovad.net\/parkngo\/prix-parking-orly-ne-plus#breadcrumb\"},\"inLanguage\":\"fr-FR\",\"potentialAction\":[{\"@type\":\"ReadAction\",\"target\":[\"https:\/\/inovad.net\/parkngo\/prix-parking-orly-ne-plus\"]}]},{\"@type\":\"BreadcrumbList\",\"@id\":\"https:\/\/inovad.net\/parkngo\/prix-parking-orly-ne-plus#breadcrumb\",\"itemListElement\":[{\"@type\":\"ListItem\",\"position\":1,\"name\":\"Accueil\",\"item\":\"https:\/\/inovad.net\/parkngo\/\"},{\"@type\":\"ListItem\",\"position\":2,\"name\":\"Prix parking Orly, ne vous faites plus avoir !\"}]},{\"@type\":\"WebSite\",\"@id\":\"https:\/\/inovad.net\/parkngo\/#website\",\"url\":\"https:\/\/inovad.net\/parkngo\/\",\"name\":\"Parkngo, le seul parking \u00e0 moins de 5 minutes d'Orly - 01 46 75 03 03\",\"description\":\"Parkngo\",\"publisher\":{\"@id\":\"https:\/\/inovad.net\/parkngo\/#organization\"},\"potentialAction\":[{\"@type\":\"SearchAction\",\"target\":{\"@type\":\"EntryPoint\",\"urlTemplate\":\"https:\/\/inovad.net\/parkngo\/?s={search_term_string}\"},\"query-input\":{\"@type\":\"PropertyValueSpecification\",\"valueRequired\":true,\"valueName\":\"search_term_string\"}}],\"inLanguage\":\"fr-FR\"},{\"@type\":\"Organization\",\"@id\":\"https:\/\/inovad.net\/parkngo\/#organization\",\"name\":\"Parkngo, le seul parking \u00e0 moins de 5 minutes d'Orly - 01 46 75 03 03\",\"url\":\"https:\/\/inovad.net\/parkngo\/\",\"logo\":{\"@type\":\"ImageObject\",\"inLanguage\":\"fr-FR\",\"@id\":\"https:\/\/inovad.net\/parkngo\/#\/schema\/logo\/image\/\",\"url\":\"https:\/\/inovad.net\/parkngo\/wp-content\/uploads\/2017\/12\/logo-white.png\",\"contentUrl\":\"https:\/\/inovad.net\/parkngo\/wp-content\/uploads\/2017\/12\/logo-white.png\",\"width\":300,\"height\":71,\"caption\":\"Parkngo, le seul parking \u00e0 moins de 5 minutes d'Orly - 01 46 75 03 03\"},\"image\":{\"@id\":\"https:\/\/inovad.net\/parkngo\/#\/schema\/logo\/image\/\"}}]}<\/script>\n<!-- \/ Yoast SEO plugin. -->","yoast_head_json":{"title":"Prix parking Orly, ne vous faites plus avoir ! - Parkngo : Votre parking facile et proche d&#039;Orly","robots":{"index":"index","follow":"follow","max-snippet":"max-snippet:-1","max-image-preview":"max-image-preview:large","max-video-preview":"max-video-preview:-1"},"canonical":"https:\/\/inovad.net\/parkngo\/prix-parking-orly-ne-plus","og_locale":"fr_FR","og_type":"article","og_title":"Prix parking Orly, ne vous faites plus avoir ! - Parkngo : Votre parking facile et proche d&#039;Orly","og_description":"[vc_row][vc_column icons_position=\u00a0\u00bbleft\u00a0\u00bb][vc_column_text]Le prix et la disponibilit\u00e9 des parkings des a\u00e9roports d\u00e9couragent de nombreux voyageurs \u00e0 s\u2019y rendre avec leur propre voiture. A la place, ils pr\u00e9f\u00e8rent prendre le bus ou&hellip;","og_url":"https:\/\/inovad.net\/parkngo\/prix-parking-orly-ne-plus","og_site_name":"Parkngo : Votre parking facile et proche d&#039;Orly","article_modified_time":"2019-04-15T15:09:51+00:00","twitter_card":"summary_large_image","twitter_misc":{"Dur\u00e9e de lecture estim\u00e9e":"3 minutes"},"schema":{"@context":"https:\/\/schema.org","@graph":[{"@type":"WebPage","@id":"https:\/\/inovad.net\/parkngo\/prix-parking-orly-ne-plus","url":"https:\/\/inovad.net\/parkngo\/prix-parking-orly-ne-plus","name":"Prix parking Orly, ne vous faites plus avoir ! - Parkngo : Votre parking facile et proche d&#039;Orly","isPartOf":{"@id":"https:\/\/inovad.net\/parkngo\/#website"},"datePublished":"2019-04-15T15:09:39+00:00","dateModified":"2019-04-15T15:09:51+00:00","breadcrumb":{"@id":"https:\/\/inovad.net\/parkngo\/prix-parking-orly-ne-plus#breadcrumb"},"inLanguage":"fr-FR","potentialAction":[{"@type":"ReadAction","target":["https:\/\/inovad.net\/parkngo\/prix-parking-orly-ne-plus"]}]},{"@type":"BreadcrumbList","@id":"https:\/\/inovad.net\/parkngo\/prix-parking-orly-ne-plus#breadcrumb","itemListElement":[{"@type":"ListItem","position":1,"name":"Accueil","item":"https:\/\/inovad.net\/parkngo\/"},{"@type":"ListItem","position":2,"name":"Prix parking Orly, ne vous faites plus avoir !"}]},{"@type":"WebSite","@id":"https:\/\/inovad.net\/parkngo\/#website","url":"https:\/\/inovad.net\/parkngo\/","name":"Parkngo, le seul parking \u00e0 moins de 5 minutes d'Orly - 01 46 75 03 03","description":"Parkngo","publisher":{"@id":"https:\/\/inovad.net\/parkngo\/#organization"},"potentialAction":[{"@type":"SearchAction","target":{"@type":"EntryPoint","urlTemplate":"https:\/\/inovad.net\/parkngo\/?s={search_term_string}"},"query-input":{"@type":"PropertyValueSpecification","valueRequired":true,"valueName":"search_term_string"}}],"inLanguage":"fr-FR"},{"@type":"Organization","@id":"https:\/\/inovad.net\/parkngo\/#organization","name":"Parkngo, le seul parking \u00e0 moins de 5 minutes d'Orly - 01 46 75 03 03","url":"https:\/\/inovad.net\/parkngo\/","logo":{"@type":"ImageObject","inLanguage":"fr-FR","@id":"https:\/\/inovad.net\/parkngo\/#\/schema\/logo\/image\/","url":"https:\/\/inovad.net\/parkngo\/wp-content\/uploads\/2017\/12\/logo-white.png","contentUrl":"https:\/\/inovad.net\/parkngo\/wp-content\/uploads\/2017\/12\/logo-white.png","width":300,"height":71,"caption":"Parkngo, le seul parking \u00e0 moins de 5 minutes d'Orly - 01 46 75 03 03"},"image":{"@id":"https:\/\/inovad.net\/parkngo\/#\/schema\/logo\/image\/"}}]}},"_links":{"self":[{"href":"https:\/\/inovad.net\/parkngo\/wp-json\/wp\/v2\/pages\/1215","targetHints":{"allow":["GET"]}}],"collection":[{"href":"https:\/\/inovad.net\/parkngo\/wp-json\/wp\/v2\/pages"}],"about":[{"href":"https:\/\/inovad.net\/parkngo\/wp-json\/wp\/v2\/types\/page"}],"author":[{"embeddable":true,"href":"https:\/\/inovad.net\/parkngo\/wp-json\/wp\/v2\/users\/7"}],"replies":[{"embeddable":true,"href":"https:\/\/inovad.net\/parkngo\/wp-json\/wp\/v2\/comments?post=1215"}],"version-history":[{"count":1,"href":"https:\/\/inovad.net\/parkngo\/wp-json\/wp\/v2\/pages\/1215\/revisions"}],"predecessor-version":[{"id":1222,"href":"https:\/\/inovad.net\/parkngo\/wp-json\/wp\/v2\/pages\/1215\/revisions\/1222"}],"wp:attachment":[{"href":"https:\/\/inovad.net\/parkngo\/wp-json\/wp\/v2\/media?parent=1215"}],"curies":[{"name":"wp","href":"https:\/\/api.w.org\/{rel}","templated":true}]}}