{"id":1214,"date":"2019-04-15T17:08:17","date_gmt":"2019-04-15T15:08:17","guid":{"rendered":"https:\/\/inovad.net\/parkngo\/?page_id=1214"},"modified":"2019-04-15T17:08:30","modified_gmt":"2019-04-15T15:08:30","slug":"parking-pas-cher-orly","status":"publish","type":"page","link":"https:\/\/inovad.net\/parkngo\/parking-pas-cher-orly","title":{"rendered":"Parking pas cher Orly, \u00e7a existe !"},"content":{"rendered":"<div class=\"wpb-content-wrapper\"><p>[vc_row][vc_column icons_position=\u00a0\u00bbleft\u00a0\u00bb][vc_column_text]L\u2019un des gros probl\u00e8mes qui peut le plus g\u00e2cher votre voyage reste la question du transfert de chez vous au terminal. Pour d\u00e9marrer votre d\u00e9placement du bon pied, faites alors en sorte de bien pr\u00e9parer votre d\u00e9part autant que votre arriv\u00e9e. Pour cela, offrez-vous simplement les services d\u2019un bon parking priv\u00e9\u00a0! D\u2019ailleurs, si vous recherchez un <b>parking pas cher Orly<\/b>, vous n\u2019aurez pas de mal \u00e0 mettre sur pied un bon plan d\u00e9part\/retour. Et cela, \u00e0 petit prix\u00a0![\/vc_column_text][\/vc_column][\/vc_row][vc_row css=\u00a0\u00bb.vc_custom_1555340773737{margin-top: 40px !important;}\u00a0\u00bb][vc_column icons_position=\u00a0\u00bbleft\u00a0\u00bb][vc_btn title=\u00a0\u00bbJe r\u00e9serve ma place !\u00a0\u00bb style=\u00a0\u00bbflat\u00a0\u00bb color=\u00a0\u00bbprimary\u00a0\u00bb align=\u00a0\u00bbcenter\u00a0\u00bb link=\u00a0\u00bburl:https%3A%2F%2Finovad.net%2Fparkngo%2Freservation|||\u00a0\u00bb][\/vc_column][\/vc_row][vc_row css=\u00a0\u00bb.vc_custom_1555340868928{margin-top: 40px !important;margin-bottom: 40px !important;}\u00a0\u00bb][vc_column icons_position=\u00a0\u00bbleft\u00a0\u00bb][vc_video link=\u00a0\u00bbhttps:\/\/www.youtube.com\/watch?v=6VELZlyPg2w\u00a0\u00bb align=\u00a0\u00bbcenter\u00a0\u00bb][\/vc_column][\/vc_row][vc_row][vc_column icons_position=\u00a0\u00bbleft\u00a0\u00bb][vc_column_text]<\/p>\n<h2>Opter pour un parking pas cher Orly<\/h2>\n<p>Bien \u00e9videmment, la solution la plus pratique pour se rendre \u00e0 l\u2019a\u00e9roport, c\u2019est d\u2019utiliser un v\u00e9hicule personnel. Moins co\u00fbteuse qu\u2019un taxi et plus rapide qu\u2019un transport public, cette solution requiert n\u00e9anmoins une bonne planification. Comment s\u2019assurer d\u2019avoir une place de stationnement\u00a0? Mon v\u00e9hicule sera-t-il en s\u00e9curit\u00e9 le temps du voyage\u00a0? Autant de questions auxquelles un <b>parking pas cher Orly<\/b> ne manquera pas de r\u00e9pondre. Par rapport aux tarifs en vigueur sur le parking de l\u2019a\u00e9roport, vous y b\u00e9n\u00e9ficierez notamment d\u2019un prix au rabais allant de 50 \u00e0 60% moins chers. Un co\u00fbt que vous n\u2019aurez pas \u00e0 r\u00e9gler \u00e0 l\u2019avance, puisque le payement ne vous sera demand\u00e9 qu\u2019au retour. Qui plus est, vous saurez \u00e0 l\u2019avance les disponibilit\u00e9s des places, et pourrez vous assurer d\u2019en avoir une au jour et \u00e0 l\u2019heure exacte de votre d\u00e9part. Et ce, peu importe l\u2019heure, puisque le parking est g\u00e9n\u00e9ralement ouvert 24h\/24, 7j\/7.<\/p>\n<h3>La simplicit\u00e9 m\u00eame<\/h3>\n<p>Pour r\u00e9server votre <b>parking pas cher Orly<\/b>, il vous suffira alors de vous rendre sur le site web de l\u2019agence, et de remplir le formulaire de r\u00e9servation. Apr\u00e8s validation des informations sur votre vol, vous recevrez ainsi un mail de validation de la r\u00e9servation. Vous n\u2019aurez m\u00eame pas besoin de l\u2019imprimer. Vous n\u2019aurez qu\u2019\u00e0 vous pr\u00e9senter au parking avec votre v\u00e9hicule \u00e0 la date et l\u2019heure indiqu\u00e9e, et donner votre nom. Une navette sera alors mise \u00e0 votre disposition pour vous amener \u00e0 votre terminal de d\u00e9part. Au retour, vous n\u2019aurez qu\u2019\u00e0 confirmer votre arriv\u00e9e au terminal par un appel t\u00e9l\u00e9phonique et l\u2019agence s\u2019occupera \u00e9galement de votre transfert vers le parking. Il ne vous restera plus qu\u2019\u00e0 r\u00e9gler le payement, reprendre les cl\u00e9s de votre v\u00e9hicule et \u00e0 rentrer chez vous.<\/p>\n<h3>Un parking pas cher Orly pour un voyage longue dur\u00e9e<\/h3>\n<p>Le parking d\u2019un terminal \u00e9tant tr\u00e8s fr\u00e9quent\u00e9, la dur\u00e9e possible d\u2019occupation des places y est g\u00e9n\u00e9ralement assez courte. Ce qui peut poser un probl\u00e8me si vous planifiez un voyage de longue dur\u00e9e, ou bien si vous avez \u00e0 le prolonger en cours de route. Avec un <b>parking pas cher Orly<\/b>, le probl\u00e8me ne se pose pas, puisque vous pouvez r\u00e9server votre emplacement pour la dur\u00e9e de vos besoins. En effet, que ce soit 1-2 jours ou 1 mois, vous pourrez trouver l\u2019offre adapt\u00e9e \u00e0 votre voyage. D\u2019ailleurs, vous pourrez m\u00eame payer un suppl\u00e9ment par jour en plus pour un d\u00e9lai encore plus long. Une dur\u00e9e qui s\u2019av\u00e8rera de surcro\u00eet \u00e9conomique, puisque le tarif est d\u00e9gressif.[\/vc_column_text][\/vc_column][\/vc_row]<\/p>\n<\/div>","protected":false},"excerpt":{"rendered":"<p>[vc_row][vc_column icons_position=\u00a0\u00bbleft\u00a0\u00bb][vc_column_text]L\u2019un des gros probl\u00e8mes qui peut le plus g\u00e2cher votre voyage reste la question du transfert de chez vous au terminal. Pour d\u00e9marrer votre d\u00e9placement du bon pied, faites&hellip;<\/p>\n","protected":false},"author":7,"featured_media":0,"parent":0,"menu_order":0,"comment_status":"closed","ping_status":"closed","template":"","meta":{"footnotes":""},"class_list":["post-1214","page","type-page","status-publish","hentry"],"yoast_head":"<!-- This site is optimized with the Yoast SEO plugin v26.6 - https:\/\/yoast.com\/wordpress\/plugins\/seo\/ -->\n<title>Parking pas cher Orly, \u00e7a existe ! - Parkngo : Votre parking facile et proche d&#039;Orly<\/title>\n<meta name=\"robots\" content=\"index, follow, max-snippet:-1, max-image-preview:large, max-video-preview:-1\" \/>\n<link rel=\"canonical\" href=\"https:\/\/inovad.net\/parkngo\/parking-pas-cher-orly\" \/>\n<meta property=\"og:locale\" content=\"fr_FR\" \/>\n<meta property=\"og:type\" content=\"article\" \/>\n<meta property=\"og:title\" content=\"Parking pas cher Orly, \u00e7a existe ! - Parkngo : Votre parking facile et proche d&#039;Orly\" \/>\n<meta property=\"og:description\" content=\"[vc_row][vc_column icons_position=\u00a0\u00bbleft\u00a0\u00bb][vc_column_text]L\u2019un des gros probl\u00e8mes qui peut le plus g\u00e2cher votre voyage reste la question du transfert de chez vous au terminal. Pour d\u00e9marrer votre d\u00e9placement du bon pied, faites&hellip;\" \/>\n<meta property=\"og:url\" content=\"https:\/\/inovad.net\/parkngo\/parking-pas-cher-orly\" \/>\n<meta property=\"og:site_name\" content=\"Parkngo : Votre parking facile et proche d&#039;Orly\" \/>\n<meta property=\"article:modified_time\" content=\"2019-04-15T15:08:30+00:00\" \/>\n<meta name=\"twitter:card\" content=\"summary_large_image\" \/>\n<meta name=\"twitter:label1\" content=\"Dur\u00e9e de lecture estim\u00e9e\" \/>\n\t<meta name=\"twitter:data1\" content=\"3 minutes\" \/>\n<script type=\"application\/ld+json\" class=\"yoast-schema-graph\">{\"@context\":\"https:\/\/schema.org\",\"@graph\":[{\"@type\":\"WebPage\",\"@id\":\"https:\/\/inovad.net\/parkngo\/parking-pas-cher-orly\",\"url\":\"https:\/\/inovad.net\/parkngo\/parking-pas-cher-orly\",\"name\":\"Parking pas cher Orly, \u00e7a existe ! - Parkngo : Votre parking facile et proche d&#039;Orly\",\"isPartOf\":{\"@id\":\"https:\/\/inovad.net\/parkngo\/#website\"},\"datePublished\":\"2019-04-15T15:08:17+00:00\",\"dateModified\":\"2019-04-15T15:08:30+00:00\",\"breadcrumb\":{\"@id\":\"https:\/\/inovad.net\/parkngo\/parking-pas-cher-orly#breadcrumb\"},\"inLanguage\":\"fr-FR\",\"potentialAction\":[{\"@type\":\"ReadAction\",\"target\":[\"https:\/\/inovad.net\/parkngo\/parking-pas-cher-orly\"]}]},{\"@type\":\"BreadcrumbList\",\"@id\":\"https:\/\/inovad.net\/parkngo\/parking-pas-cher-orly#breadcrumb\",\"itemListElement\":[{\"@type\":\"ListItem\",\"position\":1,\"name\":\"Accueil\",\"item\":\"https:\/\/inovad.net\/parkngo\/\"},{\"@type\":\"ListItem\",\"position\":2,\"name\":\"Parking pas cher Orly, \u00e7a existe !\"}]},{\"@type\":\"WebSite\",\"@id\":\"https:\/\/inovad.net\/parkngo\/#website\",\"url\":\"https:\/\/inovad.net\/parkngo\/\",\"name\":\"Parkngo, le seul parking \u00e0 moins de 5 minutes d'Orly - 01 46 75 03 03\",\"description\":\"Parkngo\",\"publisher\":{\"@id\":\"https:\/\/inovad.net\/parkngo\/#organization\"},\"potentialAction\":[{\"@type\":\"SearchAction\",\"target\":{\"@type\":\"EntryPoint\",\"urlTemplate\":\"https:\/\/inovad.net\/parkngo\/?s={search_term_string}\"},\"query-input\":{\"@type\":\"PropertyValueSpecification\",\"valueRequired\":true,\"valueName\":\"search_term_string\"}}],\"inLanguage\":\"fr-FR\"},{\"@type\":\"Organization\",\"@id\":\"https:\/\/inovad.net\/parkngo\/#organization\",\"name\":\"Parkngo, le seul parking \u00e0 moins de 5 minutes d'Orly - 01 46 75 03 03\",\"url\":\"https:\/\/inovad.net\/parkngo\/\",\"logo\":{\"@type\":\"ImageObject\",\"inLanguage\":\"fr-FR\",\"@id\":\"https:\/\/inovad.net\/parkngo\/#\/schema\/logo\/image\/\",\"url\":\"https:\/\/inovad.net\/parkngo\/wp-content\/uploads\/2017\/12\/logo-white.png\",\"contentUrl\":\"https:\/\/inovad.net\/parkngo\/wp-content\/uploads\/2017\/12\/logo-white.png\",\"width\":300,\"height\":71,\"caption\":\"Parkngo, le seul parking \u00e0 moins de 5 minutes d'Orly - 01 46 75 03 03\"},\"image\":{\"@id\":\"https:\/\/inovad.net\/parkngo\/#\/schema\/logo\/image\/\"}}]}<\/script>\n<!-- \/ Yoast SEO plugin. -->","yoast_head_json":{"title":"Parking pas cher Orly, \u00e7a existe ! - Parkngo : Votre parking facile et proche d&#039;Orly","robots":{"index":"index","follow":"follow","max-snippet":"max-snippet:-1","max-image-preview":"max-image-preview:large","max-video-preview":"max-video-preview:-1"},"canonical":"https:\/\/inovad.net\/parkngo\/parking-pas-cher-orly","og_locale":"fr_FR","og_type":"article","og_title":"Parking pas cher Orly, \u00e7a existe ! - Parkngo : Votre parking facile et proche d&#039;Orly","og_description":"[vc_row][vc_column icons_position=\u00a0\u00bbleft\u00a0\u00bb][vc_column_text]L\u2019un des gros probl\u00e8mes qui peut le plus g\u00e2cher votre voyage reste la question du transfert de chez vous au terminal. Pour d\u00e9marrer votre d\u00e9placement du bon pied, faites&hellip;","og_url":"https:\/\/inovad.net\/parkngo\/parking-pas-cher-orly","og_site_name":"Parkngo : Votre parking facile et proche d&#039;Orly","article_modified_time":"2019-04-15T15:08:30+00:00","twitter_card":"summary_large_image","twitter_misc":{"Dur\u00e9e de lecture estim\u00e9e":"3 minutes"},"schema":{"@context":"https:\/\/schema.org","@graph":[{"@type":"WebPage","@id":"https:\/\/inovad.net\/parkngo\/parking-pas-cher-orly","url":"https:\/\/inovad.net\/parkngo\/parking-pas-cher-orly","name":"Parking pas cher Orly, \u00e7a existe ! - Parkngo : Votre parking facile et proche d&#039;Orly","isPartOf":{"@id":"https:\/\/inovad.net\/parkngo\/#website"},"datePublished":"2019-04-15T15:08:17+00:00","dateModified":"2019-04-15T15:08:30+00:00","breadcrumb":{"@id":"https:\/\/inovad.net\/parkngo\/parking-pas-cher-orly#breadcrumb"},"inLanguage":"fr-FR","potentialAction":[{"@type":"ReadAction","target":["https:\/\/inovad.net\/parkngo\/parking-pas-cher-orly"]}]},{"@type":"BreadcrumbList","@id":"https:\/\/inovad.net\/parkngo\/parking-pas-cher-orly#breadcrumb","itemListElement":[{"@type":"ListItem","position":1,"name":"Accueil","item":"https:\/\/inovad.net\/parkngo\/"},{"@type":"ListItem","position":2,"name":"Parking pas cher Orly, \u00e7a existe !"}]},{"@type":"WebSite","@id":"https:\/\/inovad.net\/parkngo\/#website","url":"https:\/\/inovad.net\/parkngo\/","name":"Parkngo, le seul parking \u00e0 moins de 5 minutes d'Orly - 01 46 75 03 03","description":"Parkngo","publisher":{"@id":"https:\/\/inovad.net\/parkngo\/#organization"},"potentialAction":[{"@type":"SearchAction","target":{"@type":"EntryPoint","urlTemplate":"https:\/\/inovad.net\/parkngo\/?s={search_term_string}"},"query-input":{"@type":"PropertyValueSpecification","valueRequired":true,"valueName":"search_term_string"}}],"inLanguage":"fr-FR"},{"@type":"Organization","@id":"https:\/\/inovad.net\/parkngo\/#organization","name":"Parkngo, le seul parking \u00e0 moins de 5 minutes d'Orly - 01 46 75 03 03","url":"https:\/\/inovad.net\/parkngo\/","logo":{"@type":"ImageObject","inLanguage":"fr-FR","@id":"https:\/\/inovad.net\/parkngo\/#\/schema\/logo\/image\/","url":"https:\/\/inovad.net\/parkngo\/wp-content\/uploads\/2017\/12\/logo-white.png","contentUrl":"https:\/\/inovad.net\/parkngo\/wp-content\/uploads\/2017\/12\/logo-white.png","width":300,"height":71,"caption":"Parkngo, le seul parking \u00e0 moins de 5 minutes d'Orly - 01 46 75 03 03"},"image":{"@id":"https:\/\/inovad.net\/parkngo\/#\/schema\/logo\/image\/"}}]}},"_links":{"self":[{"href":"https:\/\/inovad.net\/parkngo\/wp-json\/wp\/v2\/pages\/1214","targetHints":{"allow":["GET"]}}],"collection":[{"href":"https:\/\/inovad.net\/parkngo\/wp-json\/wp\/v2\/pages"}],"about":[{"href":"https:\/\/inovad.net\/parkngo\/wp-json\/wp\/v2\/types\/page"}],"author":[{"embeddable":true,"href":"https:\/\/inovad.net\/parkngo\/wp-json\/wp\/v2\/users\/7"}],"replies":[{"embeddable":true,"href":"https:\/\/inovad.net\/parkngo\/wp-json\/wp\/v2\/comments?post=1214"}],"version-history":[{"count":1,"href":"https:\/\/inovad.net\/parkngo\/wp-json\/wp\/v2\/pages\/1214\/revisions"}],"predecessor-version":[{"id":1218,"href":"https:\/\/inovad.net\/parkngo\/wp-json\/wp\/v2\/pages\/1214\/revisions\/1218"}],"wp:attachment":[{"href":"https:\/\/inovad.net\/parkngo\/wp-json\/wp\/v2\/media?parent=1214"}],"curies":[{"name":"wp","href":"https:\/\/api.w.org\/{rel}","templated":true}]}}