{"id":1204,"date":"2019-04-15T17:06:52","date_gmt":"2019-04-15T15:06:52","guid":{"rendered":"https:\/\/inovad.net\/parkngo\/?page_id=1204"},"modified":"2019-04-15T17:06:52","modified_gmt":"2019-04-15T15:06:52","slug":"parking-orly-pas-cher","status":"publish","type":"page","link":"https:\/\/inovad.net\/parkngo\/parking-orly-pas-cher","title":{"rendered":"Parking Orly pas cher, \u00e9conomisez sur votre parking"},"content":{"rendered":"<div class=\"wpb-content-wrapper\"><p>[vc_row][vc_column icons_position=\u00a0\u00bbleft\u00a0\u00bb][vc_column_text]Que ce soit pour aller en vacances ou en voyage d\u2019affaire, le probl\u00e8me du transport vers l\u2019a\u00e9roport se pose toujours au moment du d\u00e9part, notamment si l\u2019on souhaite s\u2019y rendre avec son v\u00e9hicule personnel. Comment faire alors pour ne pas devoir d\u00e9penser une fortune dans un parking priv\u00e9\u00a0? \u00c0 Orly, le probl\u00e8me ne se pose pourtant pas, gr\u00e2ce aux services de <b>Parking Orly pas cher<\/b>. Ceux-ci vous permettent alors de partir en voyage en toute s\u00e9r\u00e9nit\u00e9, tout en r\u00e9alisant de grandes \u00e9conomies.[\/vc_column_text][\/vc_column][\/vc_row][vc_row css=\u00a0\u00bb.vc_custom_1555340624045{margin-top: 40px !important;margin-bottom: 40px !important;}\u00a0\u00bb][vc_column icons_position=\u00a0\u00bbleft\u00a0\u00bb][vc_video link=\u00a0\u00bbhttps:\/\/www.youtube.com\/watch?v=6VELZlyPg2w\u00a0\u00bb align=\u00a0\u00bbcenter\u00a0\u00bb][\/vc_column][\/vc_row][vc_row][vc_column icons_position=\u00a0\u00bbleft\u00a0\u00bb][vc_column_text]<\/p>\n<h2>Un syst\u00e8me simple \u00e0 Parking Orly pas cher<\/h2>\n<p>Se rendre \u00e0 un a\u00e9roport Pose toujours probl\u00e8me, entre s\u2019y rendre en bus, en taxi ou avec son v\u00e9hicule personnel. Ce dernier reste pourtant la m\u00e9thode la plus pratique, m\u00eame si il demeure la question d\u2019o\u00f9 entreposer le dit v\u00e9hicule pendant la dur\u00e9e du s\u00e9jour. Pour un vol en partance d\u2019Orly, la solution qui s\u2019impose est alors le <b>Parking Orly pas cher<\/b>. Le plus proche du terminal et ouvert 24h sur 24, 7jours sur 7, celui-ci vous garanti alors un voyage facile, du d\u00e9part \u00e0 l\u2019arriv\u00e9e. En effet, il vous permet un d\u00e9part abr\u00e9g\u00e9, puisqu\u2019il vous suffira de r\u00e9server votre place de parking puis de vous y rendre avec votre voiture le jour venu. Vous serez alors \u00e0 seulement 5 minutes de l\u2019a\u00e9roport en tout temps. \u00a0Vous n\u2019aurez m\u00eame pas \u00e0 vous soucier du trajet jusqu\u2019\u00e0 l\u2019a\u00e9roport puisque des navettes gratuites y sont disponibles toutes les 5 \u00e0 10 minutes, \u00e0 partir de 3h30 jusqu\u2019\u00e0 0h30. Il en va de m\u00eame pour votre retour\u00a0: vous n\u2019aurez qu\u2019\u00e0 prendre une navette vers le <b>Parking Orly pas cher<\/b>, r\u00e9cup\u00e9rer votre v\u00e9hicule et rentrer chez vous\u00a0! Et pendant la dur\u00e9e de votre d\u00e9placement, vous n\u2019aurez pas \u00e0 vous inqui\u00e9ter pour votre v\u00e9hicule, puisque le parking est parfaitement s\u00e9curis\u00e9. Qui plus est, vous n\u2019aurez pas la moindre chance de vous y perdre, puisque une carte avec itin\u00e9raire est \u00e0 votre disposition sur le site officiel.<\/p>\n<p><b>Des tarifs selon vos besoins<\/b><\/p>\n<p>Outre son principe tr\u00e8s simple, le <b>Parking Orly pas cher<\/b> vous assure des \u00e9conomies sur plusieurs aspects de votre voyage. En effet, vous n\u2019aurez d\u00e9j\u00e0 pas \u00e0 planifier un itin\u00e9raire compliqu\u00e9 afin de vous rendre \u00e0 l\u2019a\u00e9roport, que ce soit en bus ou en taxi. Vous n\u2019aurez pas non plus \u00e0 perdre du temps et du carburant \u00e0 chercher une place de parking libre. \u00a0Au retour, vous n\u2019aurez pas \u00e0 chercher un taxi pour retrouver votre v\u00e9hicule. Un appel pour confirmer votre arriv\u00e9e \u00e0 l\u2019a\u00e9roport et une navette vous sera envoy\u00e9e. Qui plus est, les tarifs sont d\u00e9gressifs selon la dur\u00e9e de votre s\u00e9jour. Vous pourrez ainsi y laisser votre voiture de 1 \u00e0 60 jours selon vos besoins, avec des prix allant de 50 \u00e0 261\u20ac. D\u2019ailleurs, le payement ne s\u2019effectue qu\u2019\u00e0 votre arriv\u00e9e. En cas de retard ou d\u2019avance sur l\u2019arriv\u00e9e, vous n\u2019aurez aucun probl\u00e8me \u00e0 quand m\u00eame effectuer votre d\u00e9placement, puisque les heures indiqu\u00e9es lors de la r\u00e9servation ne sont qu\u2019\u00e0 titre indicatif. Au pire, soit dans le cas d\u2019un d\u00e9calage de plus de 3h, vous pourrez toujours modifier rapidement votre r\u00e9servation en ligne, par mail ou par appel t\u00e9l\u00e9phonique.[\/vc_column_text][\/vc_column][\/vc_row][vc_row css=\u00a0\u00bb.vc_custom_1555340715802{margin-top: 40px !important;}\u00a0\u00bb][vc_column icons_position=\u00a0\u00bbleft\u00a0\u00bb][vc_btn title=\u00a0\u00bbJe r\u00e9serve ma place !\u00a0\u00bb style=\u00a0\u00bbflat\u00a0\u00bb color=\u00a0\u00bbprimary\u00a0\u00bb align=\u00a0\u00bbcenter\u00a0\u00bb link=\u00a0\u00bburl:https%3A%2F%2Finovad.net%2Fparkngo%2Freservation|||\u00a0\u00bb][\/vc_column][\/vc_row]<\/p>\n<\/div>","protected":false},"excerpt":{"rendered":"<p>[vc_row][vc_column icons_position=\u00a0\u00bbleft\u00a0\u00bb][vc_column_text]Que ce soit pour aller en vacances ou en voyage d\u2019affaire, le probl\u00e8me du transport vers l\u2019a\u00e9roport se pose toujours au moment du d\u00e9part, notamment si l\u2019on souhaite s\u2019y&hellip;<\/p>\n","protected":false},"author":7,"featured_media":0,"parent":0,"menu_order":0,"comment_status":"closed","ping_status":"closed","template":"","meta":{"footnotes":""},"class_list":["post-1204","page","type-page","status-publish","hentry"],"yoast_head":"<!-- This site is optimized with the Yoast SEO plugin v26.6 - https:\/\/yoast.com\/wordpress\/plugins\/seo\/ -->\n<title>Parking Orly pas cher, \u00e9conomisez sur votre parking - Parkngo : Votre parking facile et proche d&#039;Orly<\/title>\n<meta name=\"robots\" content=\"index, follow, max-snippet:-1, max-image-preview:large, max-video-preview:-1\" \/>\n<link rel=\"canonical\" href=\"https:\/\/inovad.net\/parkngo\/parking-orly-pas-cher\" \/>\n<meta property=\"og:locale\" content=\"fr_FR\" \/>\n<meta property=\"og:type\" content=\"article\" \/>\n<meta property=\"og:title\" content=\"Parking Orly pas cher, \u00e9conomisez sur votre parking - Parkngo : Votre parking facile et proche d&#039;Orly\" \/>\n<meta property=\"og:description\" content=\"[vc_row][vc_column icons_position=\u00a0\u00bbleft\u00a0\u00bb][vc_column_text]Que ce soit pour aller en vacances ou en voyage d\u2019affaire, le probl\u00e8me du transport vers l\u2019a\u00e9roport se pose toujours au moment du d\u00e9part, notamment si l\u2019on souhaite s\u2019y&hellip;\" \/>\n<meta property=\"og:url\" content=\"https:\/\/inovad.net\/parkngo\/parking-orly-pas-cher\" \/>\n<meta property=\"og:site_name\" content=\"Parkngo : Votre parking facile et proche d&#039;Orly\" \/>\n<meta name=\"twitter:card\" content=\"summary_large_image\" \/>\n<meta name=\"twitter:label1\" content=\"Dur\u00e9e de lecture estim\u00e9e\" \/>\n\t<meta name=\"twitter:data1\" content=\"3 minutes\" \/>\n<script type=\"application\/ld+json\" class=\"yoast-schema-graph\">{\"@context\":\"https:\/\/schema.org\",\"@graph\":[{\"@type\":\"WebPage\",\"@id\":\"https:\/\/inovad.net\/parkngo\/parking-orly-pas-cher\",\"url\":\"https:\/\/inovad.net\/parkngo\/parking-orly-pas-cher\",\"name\":\"Parking Orly pas cher, \u00e9conomisez sur votre parking - Parkngo : Votre parking facile et proche d&#039;Orly\",\"isPartOf\":{\"@id\":\"https:\/\/inovad.net\/parkngo\/#website\"},\"datePublished\":\"2019-04-15T15:06:52+00:00\",\"breadcrumb\":{\"@id\":\"https:\/\/inovad.net\/parkngo\/parking-orly-pas-cher#breadcrumb\"},\"inLanguage\":\"fr-FR\",\"potentialAction\":[{\"@type\":\"ReadAction\",\"target\":[\"https:\/\/inovad.net\/parkngo\/parking-orly-pas-cher\"]}]},{\"@type\":\"BreadcrumbList\",\"@id\":\"https:\/\/inovad.net\/parkngo\/parking-orly-pas-cher#breadcrumb\",\"itemListElement\":[{\"@type\":\"ListItem\",\"position\":1,\"name\":\"Accueil\",\"item\":\"https:\/\/inovad.net\/parkngo\/\"},{\"@type\":\"ListItem\",\"position\":2,\"name\":\"Parking Orly pas cher, \u00e9conomisez sur votre parking\"}]},{\"@type\":\"WebSite\",\"@id\":\"https:\/\/inovad.net\/parkngo\/#website\",\"url\":\"https:\/\/inovad.net\/parkngo\/\",\"name\":\"Parkngo, le seul parking \u00e0 moins de 5 minutes d'Orly - 01 46 75 03 03\",\"description\":\"Parkngo\",\"publisher\":{\"@id\":\"https:\/\/inovad.net\/parkngo\/#organization\"},\"potentialAction\":[{\"@type\":\"SearchAction\",\"target\":{\"@type\":\"EntryPoint\",\"urlTemplate\":\"https:\/\/inovad.net\/parkngo\/?s={search_term_string}\"},\"query-input\":{\"@type\":\"PropertyValueSpecification\",\"valueRequired\":true,\"valueName\":\"search_term_string\"}}],\"inLanguage\":\"fr-FR\"},{\"@type\":\"Organization\",\"@id\":\"https:\/\/inovad.net\/parkngo\/#organization\",\"name\":\"Parkngo, le seul parking \u00e0 moins de 5 minutes d'Orly - 01 46 75 03 03\",\"url\":\"https:\/\/inovad.net\/parkngo\/\",\"logo\":{\"@type\":\"ImageObject\",\"inLanguage\":\"fr-FR\",\"@id\":\"https:\/\/inovad.net\/parkngo\/#\/schema\/logo\/image\/\",\"url\":\"https:\/\/inovad.net\/parkngo\/wp-content\/uploads\/2017\/12\/logo-white.png\",\"contentUrl\":\"https:\/\/inovad.net\/parkngo\/wp-content\/uploads\/2017\/12\/logo-white.png\",\"width\":300,\"height\":71,\"caption\":\"Parkngo, le seul parking \u00e0 moins de 5 minutes d'Orly - 01 46 75 03 03\"},\"image\":{\"@id\":\"https:\/\/inovad.net\/parkngo\/#\/schema\/logo\/image\/\"}}]}<\/script>\n<!-- \/ Yoast SEO plugin. -->","yoast_head_json":{"title":"Parking Orly pas cher, \u00e9conomisez sur votre parking - Parkngo : Votre parking facile et proche d&#039;Orly","robots":{"index":"index","follow":"follow","max-snippet":"max-snippet:-1","max-image-preview":"max-image-preview:large","max-video-preview":"max-video-preview:-1"},"canonical":"https:\/\/inovad.net\/parkngo\/parking-orly-pas-cher","og_locale":"fr_FR","og_type":"article","og_title":"Parking Orly pas cher, \u00e9conomisez sur votre parking - Parkngo : Votre parking facile et proche d&#039;Orly","og_description":"[vc_row][vc_column icons_position=\u00a0\u00bbleft\u00a0\u00bb][vc_column_text]Que ce soit pour aller en vacances ou en voyage d\u2019affaire, le probl\u00e8me du transport vers l\u2019a\u00e9roport se pose toujours au moment du d\u00e9part, notamment si l\u2019on souhaite s\u2019y&hellip;","og_url":"https:\/\/inovad.net\/parkngo\/parking-orly-pas-cher","og_site_name":"Parkngo : Votre parking facile et proche d&#039;Orly","twitter_card":"summary_large_image","twitter_misc":{"Dur\u00e9e de lecture estim\u00e9e":"3 minutes"},"schema":{"@context":"https:\/\/schema.org","@graph":[{"@type":"WebPage","@id":"https:\/\/inovad.net\/parkngo\/parking-orly-pas-cher","url":"https:\/\/inovad.net\/parkngo\/parking-orly-pas-cher","name":"Parking Orly pas cher, \u00e9conomisez sur votre parking - Parkngo : Votre parking facile et proche d&#039;Orly","isPartOf":{"@id":"https:\/\/inovad.net\/parkngo\/#website"},"datePublished":"2019-04-15T15:06:52+00:00","breadcrumb":{"@id":"https:\/\/inovad.net\/parkngo\/parking-orly-pas-cher#breadcrumb"},"inLanguage":"fr-FR","potentialAction":[{"@type":"ReadAction","target":["https:\/\/inovad.net\/parkngo\/parking-orly-pas-cher"]}]},{"@type":"BreadcrumbList","@id":"https:\/\/inovad.net\/parkngo\/parking-orly-pas-cher#breadcrumb","itemListElement":[{"@type":"ListItem","position":1,"name":"Accueil","item":"https:\/\/inovad.net\/parkngo\/"},{"@type":"ListItem","position":2,"name":"Parking Orly pas cher, \u00e9conomisez sur votre parking"}]},{"@type":"WebSite","@id":"https:\/\/inovad.net\/parkngo\/#website","url":"https:\/\/inovad.net\/parkngo\/","name":"Parkngo, le seul parking \u00e0 moins de 5 minutes d'Orly - 01 46 75 03 03","description":"Parkngo","publisher":{"@id":"https:\/\/inovad.net\/parkngo\/#organization"},"potentialAction":[{"@type":"SearchAction","target":{"@type":"EntryPoint","urlTemplate":"https:\/\/inovad.net\/parkngo\/?s={search_term_string}"},"query-input":{"@type":"PropertyValueSpecification","valueRequired":true,"valueName":"search_term_string"}}],"inLanguage":"fr-FR"},{"@type":"Organization","@id":"https:\/\/inovad.net\/parkngo\/#organization","name":"Parkngo, le seul parking \u00e0 moins de 5 minutes d'Orly - 01 46 75 03 03","url":"https:\/\/inovad.net\/parkngo\/","logo":{"@type":"ImageObject","inLanguage":"fr-FR","@id":"https:\/\/inovad.net\/parkngo\/#\/schema\/logo\/image\/","url":"https:\/\/inovad.net\/parkngo\/wp-content\/uploads\/2017\/12\/logo-white.png","contentUrl":"https:\/\/inovad.net\/parkngo\/wp-content\/uploads\/2017\/12\/logo-white.png","width":300,"height":71,"caption":"Parkngo, le seul parking \u00e0 moins de 5 minutes d'Orly - 01 46 75 03 03"},"image":{"@id":"https:\/\/inovad.net\/parkngo\/#\/schema\/logo\/image\/"}}]}},"_links":{"self":[{"href":"https:\/\/inovad.net\/parkngo\/wp-json\/wp\/v2\/pages\/1204","targetHints":{"allow":["GET"]}}],"collection":[{"href":"https:\/\/inovad.net\/parkngo\/wp-json\/wp\/v2\/pages"}],"about":[{"href":"https:\/\/inovad.net\/parkngo\/wp-json\/wp\/v2\/types\/page"}],"author":[{"embeddable":true,"href":"https:\/\/inovad.net\/parkngo\/wp-json\/wp\/v2\/users\/7"}],"replies":[{"embeddable":true,"href":"https:\/\/inovad.net\/parkngo\/wp-json\/wp\/v2\/comments?post=1204"}],"version-history":[{"count":1,"href":"https:\/\/inovad.net\/parkngo\/wp-json\/wp\/v2\/pages\/1204\/revisions"}],"predecessor-version":[{"id":1207,"href":"https:\/\/inovad.net\/parkngo\/wp-json\/wp\/v2\/pages\/1204\/revisions\/1207"}],"wp:attachment":[{"href":"https:\/\/inovad.net\/parkngo\/wp-json\/wp\/v2\/media?parent=1204"}],"curies":[{"name":"wp","href":"https:\/\/api.w.org\/{rel}","templated":true}]}}