{"id":1200,"date":"2019-04-15T17:02:37","date_gmt":"2019-04-15T15:02:37","guid":{"rendered":"https:\/\/inovad.net\/parkngo\/?page_id=1200"},"modified":"2019-04-15T17:06:40","modified_gmt":"2019-04-15T15:06:40","slug":"parking-longue-duree-orly","status":"publish","type":"page","link":"https:\/\/inovad.net\/parkngo\/parking-longue-duree-orly","title":{"rendered":"Parking longue dur\u00e9e \u00e0 Orly, partez tranquille !"},"content":{"rendered":"<div class=\"wpb-content-wrapper\"><p>[vc_row][vc_column icons_position=\u00a0\u00bbleft\u00a0\u00bb][vc_column_text]Lorsqu\u2019on part en voyage, la question du trajet jusqu\u2019\u00e0 l\u2019a\u00e9roport se pose. Evidemment, rien n\u2019est plus confortable et pratique que de s\u2019y rendre avec son propre v\u00e9hicule. Mais il reste la probl\u00e9matique li\u00e9e au parking, une fois arriv\u00e9 sur place. Avec <strong>le parking longue dur\u00e9e \u00e0 Orly<\/strong>, cette question ne se pose plus. La plateforme vous propose un emplacement priv\u00e9 et s\u00e9curis\u00e9 dans la zone a\u00e9roportuaire. Les prix propos\u00e9s sont en plus tr\u00e8s comp\u00e9titifs.[\/vc_column_text][\/vc_column][\/vc_row][vc_row css=\u00a0\u00bb.vc_custom_1555340511310{margin-top: 40px !important;margin-bottom: 40px !important;}\u00a0\u00bb][vc_column icons_position=\u00a0\u00bbleft\u00a0\u00bb][vc_video link=\u00a0\u00bbhttps:\/\/www.youtube.com\/watch?v=6VELZlyPg2w\u00a0\u00bb align=\u00a0\u00bbcenter\u00a0\u00bb][\/vc_column][\/vc_row][vc_row][vc_column icons_position=\u00a0\u00bbleft\u00a0\u00bb][vc_column_text]<strong><u>Parking longue dur\u00e9e \u00e0 Orly\u00a0: comment \u00e7a marche\u00a0?<\/u><\/strong><\/p>\n<p>La proc\u00e9dure est simple avec le <strong>parking longue dur\u00e9e \u00e0 Orly. <\/strong>Vous devez avant toute r\u00e9server votre place de parking par t\u00e9l\u00e9phone ou en ligne, en remplissant un formulaire, o\u00f9 vous devriez notamment indiquer vos donn\u00e9es de vol, votre identit\u00e9\u2026 Une fois votre r\u00e9servation confirm\u00e9e, vous n\u2019aurez qu\u2019\u00e0 vous rendre au parking le jour de votre d\u00e9part et \u00e0 indiquer votre nom ou \u00e0 montrer la confirmation de votre r\u00e9servation. Par la suite, vous n\u2019aurez qu\u2019\u00e0 stationner votre v\u00e9hicule sur un emplacement attitr\u00e9. Une navette se chargera de vous d\u00e9poser devant votre terminal de d\u00e9part et viendra \u00e9galement vous chercher avec vos bagages au retour, en seulement quelques minutes. Ce n\u2019est qu\u2019au moment o\u00f9 vous r\u00e9cup\u00e9rez votre v\u00e9hicule que vous payez. Contrairement \u00e0 d\u2019autres plateformes, vous n\u2019aurez donc pas besoin de payer un acompte et aucun frais suppl\u00e9mentaire surprise ne vous sera demand\u00e9.<\/p>\n<p><strong><u>Quid de la s\u00e9curit\u00e9\u00a0?<\/u><\/strong><\/p>\n<p>Le site se trouve directement dans la zone a\u00e9roportuaire. Vous n\u2019aurez pas non plus \u00e0 craindre les risques de vols, incendie ou d\u00e9gradations gr\u00e2ce au <strong>parking longue dur\u00e9e \u00e0 Orly<\/strong>. En effet, l\u2019emplacement mis \u00e0 votre disposition est enti\u00e8rement s\u00e9curis\u00e9 7jour\/7 et 24h\/24. Quant aux intemp\u00e9ries, vous avez la possibilit\u00e9 de r\u00e9server un emplacement totalement couvert, afin d\u2019avoir l\u2019esprit tranquille durant votre voyage. En plus, le parking est facilement accessible et vous pourrez trouver et imprimer l\u2019itin\u00e9raire directement sur le site, si besoin.<\/p>\n<p><strong><u>Un excellent rapport qualit\u00e9 prix<\/u><\/strong><\/p>\n<p>Cette solution vous fait non seulement gagner un temps consid\u00e9rable, mais vous permet \u00e9galement d\u2019\u00e9conomiser sur votre budget parking. En effet, les prix propos\u00e9s sont plus avantageux que ceux des a\u00e9roports officiels. Qui plus est, les tarifs sont d\u00e9gressifs, selon la dur\u00e9e de votre s\u00e9jour. Les transferts par navette, \u00e0 l\u2019aller et au retour, sont inclus et ne vous co\u00fbtera rien en plus. Un excellent moyen de booster votre budget voyage, tout en profitant d\u2019un dispositif cl\u00e9 en main.<\/p>\n<p><strong><u>Un service qui s\u2019adapte \u00e0 vos besoins<\/u><\/strong><\/p>\n<p>Contrairement aux parkings dans les a\u00e9roports, la dur\u00e9e de stationnement n\u2019est pas limit\u00e9e dans le temps. Vous pourrez r\u00e9server pour un jour, une semaine, un mois et m\u00eame plus. En cas de retard ou d\u2019avance sur l\u2019arriv\u00e9e, vous n\u2019aurez aucun probl\u00e8me \u00e0 quand m\u00eame effectuer votre d\u00e9placement, puisque les heures indiqu\u00e9es lors de la r\u00e9servation ne sont qu\u2019\u00e0 titre indicatif. Au pire, soit dans le cas d\u2019un d\u00e9calage de plus de 3h, un mail ou un appel suffira pour modifier rapidement votre r\u00e9servation en ligne, et ce gratuitement.[\/vc_column_text][\/vc_column][\/vc_row][vc_row css=\u00a0\u00bb.vc_custom_1555340797244{margin-top: 40px !important;}\u00a0\u00bb][vc_column icons_position=\u00a0\u00bbleft\u00a0\u00bb][vc_btn title=\u00a0\u00bbJe r\u00e9serve ma place !\u00a0\u00bb style=\u00a0\u00bbflat\u00a0\u00bb color=\u00a0\u00bbprimary\u00a0\u00bb align=\u00a0\u00bbcenter\u00a0\u00bb link=\u00a0\u00bburl:https%3A%2F%2Finovad.net%2Fparkngo%2Freservation|||\u00a0\u00bb][\/vc_column][\/vc_row]<\/p>\n<\/div>","protected":false},"excerpt":{"rendered":"<p>[vc_row][vc_column icons_position=\u00a0\u00bbleft\u00a0\u00bb][vc_column_text]Lorsqu\u2019on part en voyage, la question du trajet jusqu\u2019\u00e0 l\u2019a\u00e9roport se pose. Evidemment, rien n\u2019est plus confortable et pratique que de s\u2019y rendre avec son propre v\u00e9hicule. Mais il&hellip;<\/p>\n","protected":false},"author":7,"featured_media":0,"parent":0,"menu_order":0,"comment_status":"closed","ping_status":"closed","template":"","meta":{"footnotes":""},"class_list":["post-1200","page","type-page","status-publish","hentry"],"yoast_head":"<!-- This site is optimized with the Yoast SEO plugin v26.6 - https:\/\/yoast.com\/wordpress\/plugins\/seo\/ -->\n<title>Parking longue dur\u00e9e \u00e0 Orly, partez tranquille ! - Parkngo : Votre parking facile et proche d&#039;Orly<\/title>\n<meta name=\"robots\" content=\"index, follow, max-snippet:-1, max-image-preview:large, max-video-preview:-1\" \/>\n<link rel=\"canonical\" href=\"https:\/\/inovad.net\/parkngo\/parking-longue-duree-orly\" \/>\n<meta property=\"og:locale\" content=\"fr_FR\" \/>\n<meta property=\"og:type\" content=\"article\" \/>\n<meta property=\"og:title\" content=\"Parking longue dur\u00e9e \u00e0 Orly, partez tranquille ! - Parkngo : Votre parking facile et proche d&#039;Orly\" \/>\n<meta property=\"og:description\" content=\"[vc_row][vc_column icons_position=\u00a0\u00bbleft\u00a0\u00bb][vc_column_text]Lorsqu\u2019on part en voyage, la question du trajet jusqu\u2019\u00e0 l\u2019a\u00e9roport se pose. Evidemment, rien n\u2019est plus confortable et pratique que de s\u2019y rendre avec son propre v\u00e9hicule. Mais il&hellip;\" \/>\n<meta property=\"og:url\" content=\"https:\/\/inovad.net\/parkngo\/parking-longue-duree-orly\" \/>\n<meta property=\"og:site_name\" content=\"Parkngo : Votre parking facile et proche d&#039;Orly\" \/>\n<meta property=\"article:modified_time\" content=\"2019-04-15T15:06:40+00:00\" \/>\n<meta name=\"twitter:card\" content=\"summary_large_image\" \/>\n<meta name=\"twitter:label1\" content=\"Dur\u00e9e de lecture estim\u00e9e\" \/>\n\t<meta name=\"twitter:data1\" content=\"3 minutes\" \/>\n<script type=\"application\/ld+json\" class=\"yoast-schema-graph\">{\"@context\":\"https:\/\/schema.org\",\"@graph\":[{\"@type\":\"WebPage\",\"@id\":\"https:\/\/inovad.net\/parkngo\/parking-longue-duree-orly\",\"url\":\"https:\/\/inovad.net\/parkngo\/parking-longue-duree-orly\",\"name\":\"Parking longue dur\u00e9e \u00e0 Orly, partez tranquille ! - Parkngo : Votre parking facile et proche d&#039;Orly\",\"isPartOf\":{\"@id\":\"https:\/\/inovad.net\/parkngo\/#website\"},\"datePublished\":\"2019-04-15T15:02:37+00:00\",\"dateModified\":\"2019-04-15T15:06:40+00:00\",\"breadcrumb\":{\"@id\":\"https:\/\/inovad.net\/parkngo\/parking-longue-duree-orly#breadcrumb\"},\"inLanguage\":\"fr-FR\",\"potentialAction\":[{\"@type\":\"ReadAction\",\"target\":[\"https:\/\/inovad.net\/parkngo\/parking-longue-duree-orly\"]}]},{\"@type\":\"BreadcrumbList\",\"@id\":\"https:\/\/inovad.net\/parkngo\/parking-longue-duree-orly#breadcrumb\",\"itemListElement\":[{\"@type\":\"ListItem\",\"position\":1,\"name\":\"Accueil\",\"item\":\"https:\/\/inovad.net\/parkngo\/\"},{\"@type\":\"ListItem\",\"position\":2,\"name\":\"Parking longue dur\u00e9e \u00e0 Orly, partez tranquille !\"}]},{\"@type\":\"WebSite\",\"@id\":\"https:\/\/inovad.net\/parkngo\/#website\",\"url\":\"https:\/\/inovad.net\/parkngo\/\",\"name\":\"Parkngo, le seul parking \u00e0 moins de 5 minutes d'Orly - 01 46 75 03 03\",\"description\":\"Parkngo\",\"publisher\":{\"@id\":\"https:\/\/inovad.net\/parkngo\/#organization\"},\"potentialAction\":[{\"@type\":\"SearchAction\",\"target\":{\"@type\":\"EntryPoint\",\"urlTemplate\":\"https:\/\/inovad.net\/parkngo\/?s={search_term_string}\"},\"query-input\":{\"@type\":\"PropertyValueSpecification\",\"valueRequired\":true,\"valueName\":\"search_term_string\"}}],\"inLanguage\":\"fr-FR\"},{\"@type\":\"Organization\",\"@id\":\"https:\/\/inovad.net\/parkngo\/#organization\",\"name\":\"Parkngo, le seul parking \u00e0 moins de 5 minutes d'Orly - 01 46 75 03 03\",\"url\":\"https:\/\/inovad.net\/parkngo\/\",\"logo\":{\"@type\":\"ImageObject\",\"inLanguage\":\"fr-FR\",\"@id\":\"https:\/\/inovad.net\/parkngo\/#\/schema\/logo\/image\/\",\"url\":\"https:\/\/inovad.net\/parkngo\/wp-content\/uploads\/2017\/12\/logo-white.png\",\"contentUrl\":\"https:\/\/inovad.net\/parkngo\/wp-content\/uploads\/2017\/12\/logo-white.png\",\"width\":300,\"height\":71,\"caption\":\"Parkngo, le seul parking \u00e0 moins de 5 minutes d'Orly - 01 46 75 03 03\"},\"image\":{\"@id\":\"https:\/\/inovad.net\/parkngo\/#\/schema\/logo\/image\/\"}}]}<\/script>\n<!-- \/ Yoast SEO plugin. -->","yoast_head_json":{"title":"Parking longue dur\u00e9e \u00e0 Orly, partez tranquille ! - Parkngo : Votre parking facile et proche d&#039;Orly","robots":{"index":"index","follow":"follow","max-snippet":"max-snippet:-1","max-image-preview":"max-image-preview:large","max-video-preview":"max-video-preview:-1"},"canonical":"https:\/\/inovad.net\/parkngo\/parking-longue-duree-orly","og_locale":"fr_FR","og_type":"article","og_title":"Parking longue dur\u00e9e \u00e0 Orly, partez tranquille ! - Parkngo : Votre parking facile et proche d&#039;Orly","og_description":"[vc_row][vc_column icons_position=\u00a0\u00bbleft\u00a0\u00bb][vc_column_text]Lorsqu\u2019on part en voyage, la question du trajet jusqu\u2019\u00e0 l\u2019a\u00e9roport se pose. Evidemment, rien n\u2019est plus confortable et pratique que de s\u2019y rendre avec son propre v\u00e9hicule. Mais il&hellip;","og_url":"https:\/\/inovad.net\/parkngo\/parking-longue-duree-orly","og_site_name":"Parkngo : Votre parking facile et proche d&#039;Orly","article_modified_time":"2019-04-15T15:06:40+00:00","twitter_card":"summary_large_image","twitter_misc":{"Dur\u00e9e de lecture estim\u00e9e":"3 minutes"},"schema":{"@context":"https:\/\/schema.org","@graph":[{"@type":"WebPage","@id":"https:\/\/inovad.net\/parkngo\/parking-longue-duree-orly","url":"https:\/\/inovad.net\/parkngo\/parking-longue-duree-orly","name":"Parking longue dur\u00e9e \u00e0 Orly, partez tranquille ! - Parkngo : Votre parking facile et proche d&#039;Orly","isPartOf":{"@id":"https:\/\/inovad.net\/parkngo\/#website"},"datePublished":"2019-04-15T15:02:37+00:00","dateModified":"2019-04-15T15:06:40+00:00","breadcrumb":{"@id":"https:\/\/inovad.net\/parkngo\/parking-longue-duree-orly#breadcrumb"},"inLanguage":"fr-FR","potentialAction":[{"@type":"ReadAction","target":["https:\/\/inovad.net\/parkngo\/parking-longue-duree-orly"]}]},{"@type":"BreadcrumbList","@id":"https:\/\/inovad.net\/parkngo\/parking-longue-duree-orly#breadcrumb","itemListElement":[{"@type":"ListItem","position":1,"name":"Accueil","item":"https:\/\/inovad.net\/parkngo\/"},{"@type":"ListItem","position":2,"name":"Parking longue dur\u00e9e \u00e0 Orly, partez tranquille !"}]},{"@type":"WebSite","@id":"https:\/\/inovad.net\/parkngo\/#website","url":"https:\/\/inovad.net\/parkngo\/","name":"Parkngo, le seul parking \u00e0 moins de 5 minutes d'Orly - 01 46 75 03 03","description":"Parkngo","publisher":{"@id":"https:\/\/inovad.net\/parkngo\/#organization"},"potentialAction":[{"@type":"SearchAction","target":{"@type":"EntryPoint","urlTemplate":"https:\/\/inovad.net\/parkngo\/?s={search_term_string}"},"query-input":{"@type":"PropertyValueSpecification","valueRequired":true,"valueName":"search_term_string"}}],"inLanguage":"fr-FR"},{"@type":"Organization","@id":"https:\/\/inovad.net\/parkngo\/#organization","name":"Parkngo, le seul parking \u00e0 moins de 5 minutes d'Orly - 01 46 75 03 03","url":"https:\/\/inovad.net\/parkngo\/","logo":{"@type":"ImageObject","inLanguage":"fr-FR","@id":"https:\/\/inovad.net\/parkngo\/#\/schema\/logo\/image\/","url":"https:\/\/inovad.net\/parkngo\/wp-content\/uploads\/2017\/12\/logo-white.png","contentUrl":"https:\/\/inovad.net\/parkngo\/wp-content\/uploads\/2017\/12\/logo-white.png","width":300,"height":71,"caption":"Parkngo, le seul parking \u00e0 moins de 5 minutes d'Orly - 01 46 75 03 03"},"image":{"@id":"https:\/\/inovad.net\/parkngo\/#\/schema\/logo\/image\/"}}]}},"_links":{"self":[{"href":"https:\/\/inovad.net\/parkngo\/wp-json\/wp\/v2\/pages\/1200","targetHints":{"allow":["GET"]}}],"collection":[{"href":"https:\/\/inovad.net\/parkngo\/wp-json\/wp\/v2\/pages"}],"about":[{"href":"https:\/\/inovad.net\/parkngo\/wp-json\/wp\/v2\/types\/page"}],"author":[{"embeddable":true,"href":"https:\/\/inovad.net\/parkngo\/wp-json\/wp\/v2\/users\/7"}],"replies":[{"embeddable":true,"href":"https:\/\/inovad.net\/parkngo\/wp-json\/wp\/v2\/comments?post=1200"}],"version-history":[{"count":3,"href":"https:\/\/inovad.net\/parkngo\/wp-json\/wp\/v2\/pages\/1200\/revisions"}],"predecessor-version":[{"id":1211,"href":"https:\/\/inovad.net\/parkngo\/wp-json\/wp\/v2\/pages\/1200\/revisions\/1211"}],"wp:attachment":[{"href":"https:\/\/inovad.net\/parkngo\/wp-json\/wp\/v2\/media?parent=1200"}],"curies":[{"name":"wp","href":"https:\/\/api.w.org\/{rel}","templated":true}]}}