{"id":1194,"date":"2019-04-15T17:00:46","date_gmt":"2019-04-15T15:00:46","guid":{"rendered":"https:\/\/inovad.net\/parkngo\/?page_id=1194"},"modified":"2019-04-15T17:34:20","modified_gmt":"2019-04-15T15:34:20","slug":"parking-orly-ouest","status":"publish","type":"page","link":"https:\/\/inovad.net\/parkngo\/parking-orly-ouest","title":{"rendered":"Parking d\u2019Orly ouest, r\u00e9servez votre place"},"content":{"rendered":"<div class=\"wpb-content-wrapper\"><p>[vc_row][vc_column icons_position=\u00a0\u00bbleft\u00a0\u00bb][vc_column_text]Trouver un parking \u00e0 l\u2019a\u00e9roport d\u2019Orly n\u2019est pas une mince affaire et peut vous revenir assez cher. Surtout si vous comptez y laisser votre v\u00e9hicule plusieurs jours\u00a0? Comment alors s\u2019assurer de sa s\u00e9curit\u00e9\u00a0? C\u2019est pour r\u00e9pondre \u00e0 ces attentes que le <b>parking d\u2019Orly ouest<\/b> a \u00e9t\u00e9 mis en place. Il s\u2019agit de la solution la plus pratique, pour garer votre voiture le plus proche possible du terminal et vous permet d\u2019entamer votre voyage en toute tranquillit\u00e9. \u00a0Une offre qui s\u00e9duit d\u00e9j\u00e0 des milliers de personnes chaque ann\u00e9e. L\u2019emplacement exceptionnel dans la zone a\u00e9roportuaire et les tarifs, \u00e0 la port\u00e9e de tous, sont aussi autant de raisons qui poussent les voyageurs \u00e0 s\u2019adresser \u00e0 la plateforme.[\/vc_column_text][\/vc_column][\/vc_row][vc_row css=\u00a0\u00bb.vc_custom_1555340367715{margin-top: 40px !important;margin-bottom: 40px !important;}\u00a0\u00bb][vc_column icons_position=\u00a0\u00bbleft\u00a0\u00bb][vc_video link=\u00a0\u00bbhttps:\/\/www.youtube.com\/watch?v=6VELZlyPg2w\u00a0\u00bb align=\u00a0\u00bbcenter\u00a0\u00bb][\/vc_column][\/vc_row][vc_row][vc_column icons_position=\u00a0\u00bbleft\u00a0\u00bb][vc_column_text]<\/p>\n<h2>Le parking d\u2019Orly ouest, pour voyager tranquillement<\/h2>\n<p>Gr\u00e2ce au <b>parking d\u2019Orly ouest<\/b>, vous n\u2019aurez plus \u00e0 vous pr\u00e9occuper de rien, seulement \u00e0 prendre votre vol et \u00e0 profiter du voyage. Une fois arriv\u00e9 sur le site, vous n\u2019aurez qu\u2019\u00e0 d\u00e9poser votre voiture pour la dur\u00e9e n\u00e9cessaire \u00e0 votre p\u00e9riple. Elle sera gar\u00e9e dans un parking couvert ou non, selon les modalit\u00e9s de votre r\u00e9servation. Dans tous les cas, l\u2019emplacement est parfaitement s\u00e9curis\u00e9 et surveill\u00e9. Une navette gratuite s\u2019assure ensuite de vous d\u00e9poser au terminal ouest avec vos bagages et vous ram\u00e8nera \u00e9galement au retour, en seulement quelques minutes. Celle-ci effectue une rotation toutes les cinq \u00e0 10 minutes, afin que vous ne perdiez pas un temps pr\u00e9cieux. Ce n\u2019est qu\u2019en r\u00e9cup\u00e9rant vos cl\u00e9s que vous effectuez le paiement, en esp\u00e8ces ou par carte bancaire.<\/p>\n<h2>Un parking adapt\u00e9 \u00e0 vos moyens et besoins<\/h2>\n<p>Les parkings dans les a\u00e9roports proposent pour la plupart des prix \u00e9lev\u00e9s et limitent le temps de stationnement. Ce qui ne vous offre pas beaucoup de possibilit\u00e9s, dans le cas o\u00f9 vous deviez rallonger votre s\u00e9jour par exemple. Le <b>parking \u00a0d\u2019Orly ouest<\/b>, quant \u00e0 lui, vous permet de r\u00e9server \u00e0 l\u2019avance votre place de stationnement, tout en profitant de tarifs avantageux et un maximum de flexibilit\u00e9s. En effet, le tarif journalier est de 41 euros seulement pour un parking \u00a0non couvert et de 50 euros pour un parking couvert. Vous pourrez profiter du parking juste pour un jour, une semaine, un mois, voire plus. Vous b\u00e9n\u00e9ficierez m\u00eame de prix r\u00e9duits, en r\u00e9servant pour une longue dur\u00e9e. En effet, au-del\u00e0 d\u2019une r\u00e9servation de plus de 30 jours, le tarif journalier sera de 6 euros seulement. Qui plus est, vous avez la possibilit\u00e9 d\u2019\u00e9tendre la dur\u00e9e votre r\u00e9servation \u00e0 tout moment, si votre voyage le n\u00e9cessite.<\/p>\n<h2>Comment r\u00e9server votre parking d\u2019orly ouest ?<\/h2>\n<p>En vous rendant sur le site du <b>parking \u00a0d\u2019Orly ouest<\/b>, vous n\u2019aurez qu\u2019\u00e0 aller dans l\u2019onglet d\u00e9di\u00e9 aux r\u00e9servations. Vous y trouverez un formulaire \u00e0 remplir concernant votre identit\u00e9, l\u2019immatriculation de votre v\u00e9hicule, ainsi que les dates des vols aller et retour. Une fois ce formulaire rempli, vous recevrez aussit\u00f4t une confirmation de votre r\u00e9servation, que vous pourrez imprimer avec l\u2019itin\u00e9raire, \u00e0 partir de cette m\u00eame page. Vous recevrez \u00e9galement un mail de confirmation. Dans le cas d\u2019un changement de vos donn\u00e9es de vols, vous pourrez communiquer \u00e0 tout moment les modifications \u00e0 la plateforme, via un e-mail, en appelant directement au num\u00e9ro fourni sur le site, ou en cliquant \u00ab modifiez votre r\u00e9servation \u00bb dans le menu principal de ce dernier.[\/vc_column_text][\/vc_column][\/vc_row][vc_row css=\u00a0\u00bb.vc_custom_1555340773737{margin-top: 40px !important;}\u00a0\u00bb][vc_column icons_position=\u00a0\u00bbleft\u00a0\u00bb][vc_btn title=\u00a0\u00bbJe r\u00e9serve ma place !\u00a0\u00bb style=\u00a0\u00bbflat\u00a0\u00bb color=\u00a0\u00bbvista-blue\u00a0\u00bb align=\u00a0\u00bbcenter\u00a0\u00bb link=\u00a0\u00bburl:https%3A%2F%2Finovad.net%2Fparkngo%2Freservation|||\u00a0\u00bb][\/vc_column][\/vc_row]<\/p>\n<\/div>","protected":false},"excerpt":{"rendered":"<p>[vc_row][vc_column icons_position=\u00a0\u00bbleft\u00a0\u00bb][vc_column_text]Trouver un parking \u00e0 l\u2019a\u00e9roport d\u2019Orly n\u2019est pas une mince affaire et peut vous revenir assez cher. Surtout si vous comptez y laisser votre v\u00e9hicule plusieurs jours\u00a0? Comment alors&hellip;<\/p>\n","protected":false},"author":7,"featured_media":0,"parent":0,"menu_order":0,"comment_status":"closed","ping_status":"closed","template":"","meta":{"footnotes":""},"class_list":["post-1194","page","type-page","status-publish","hentry"],"yoast_head":"<!-- This site is optimized with the Yoast SEO plugin v26.6 - https:\/\/yoast.com\/wordpress\/plugins\/seo\/ -->\n<title>Parking d\u2019Orly ouest, r\u00e9servez votre place - Parkngo : Votre parking facile et proche d&#039;Orly<\/title>\n<meta name=\"robots\" content=\"index, follow, max-snippet:-1, max-image-preview:large, max-video-preview:-1\" \/>\n<link rel=\"canonical\" href=\"https:\/\/inovad.net\/parkngo\/parking-orly-ouest\" \/>\n<meta property=\"og:locale\" content=\"fr_FR\" \/>\n<meta property=\"og:type\" content=\"article\" \/>\n<meta property=\"og:title\" content=\"Parking d\u2019Orly ouest, r\u00e9servez votre place - Parkngo : Votre parking facile et proche d&#039;Orly\" \/>\n<meta property=\"og:description\" content=\"[vc_row][vc_column icons_position=\u00a0\u00bbleft\u00a0\u00bb][vc_column_text]Trouver un parking \u00e0 l\u2019a\u00e9roport d\u2019Orly n\u2019est pas une mince affaire et peut vous revenir assez cher. Surtout si vous comptez y laisser votre v\u00e9hicule plusieurs jours\u00a0? Comment alors&hellip;\" \/>\n<meta property=\"og:url\" content=\"https:\/\/inovad.net\/parkngo\/parking-orly-ouest\" \/>\n<meta property=\"og:site_name\" content=\"Parkngo : Votre parking facile et proche d&#039;Orly\" \/>\n<meta property=\"article:modified_time\" content=\"2019-04-15T15:34:20+00:00\" \/>\n<meta name=\"twitter:card\" content=\"summary_large_image\" \/>\n<meta name=\"twitter:label1\" content=\"Dur\u00e9e de lecture estim\u00e9e\" \/>\n\t<meta name=\"twitter:data1\" content=\"4 minutes\" \/>\n<script type=\"application\/ld+json\" class=\"yoast-schema-graph\">{\"@context\":\"https:\/\/schema.org\",\"@graph\":[{\"@type\":\"WebPage\",\"@id\":\"https:\/\/inovad.net\/parkngo\/parking-orly-ouest\",\"url\":\"https:\/\/inovad.net\/parkngo\/parking-orly-ouest\",\"name\":\"Parking d\u2019Orly ouest, r\u00e9servez votre place - Parkngo : Votre parking facile et proche d&#039;Orly\",\"isPartOf\":{\"@id\":\"https:\/\/inovad.net\/parkngo\/#website\"},\"datePublished\":\"2019-04-15T15:00:46+00:00\",\"dateModified\":\"2019-04-15T15:34:20+00:00\",\"breadcrumb\":{\"@id\":\"https:\/\/inovad.net\/parkngo\/parking-orly-ouest#breadcrumb\"},\"inLanguage\":\"fr-FR\",\"potentialAction\":[{\"@type\":\"ReadAction\",\"target\":[\"https:\/\/inovad.net\/parkngo\/parking-orly-ouest\"]}]},{\"@type\":\"BreadcrumbList\",\"@id\":\"https:\/\/inovad.net\/parkngo\/parking-orly-ouest#breadcrumb\",\"itemListElement\":[{\"@type\":\"ListItem\",\"position\":1,\"name\":\"Accueil\",\"item\":\"https:\/\/inovad.net\/parkngo\/\"},{\"@type\":\"ListItem\",\"position\":2,\"name\":\"Parking d\u2019Orly ouest, r\u00e9servez votre place\"}]},{\"@type\":\"WebSite\",\"@id\":\"https:\/\/inovad.net\/parkngo\/#website\",\"url\":\"https:\/\/inovad.net\/parkngo\/\",\"name\":\"Parkngo, le seul parking \u00e0 moins de 5 minutes d'Orly - 01 46 75 03 03\",\"description\":\"Parkngo\",\"publisher\":{\"@id\":\"https:\/\/inovad.net\/parkngo\/#organization\"},\"potentialAction\":[{\"@type\":\"SearchAction\",\"target\":{\"@type\":\"EntryPoint\",\"urlTemplate\":\"https:\/\/inovad.net\/parkngo\/?s={search_term_string}\"},\"query-input\":{\"@type\":\"PropertyValueSpecification\",\"valueRequired\":true,\"valueName\":\"search_term_string\"}}],\"inLanguage\":\"fr-FR\"},{\"@type\":\"Organization\",\"@id\":\"https:\/\/inovad.net\/parkngo\/#organization\",\"name\":\"Parkngo, le seul parking \u00e0 moins de 5 minutes d'Orly - 01 46 75 03 03\",\"url\":\"https:\/\/inovad.net\/parkngo\/\",\"logo\":{\"@type\":\"ImageObject\",\"inLanguage\":\"fr-FR\",\"@id\":\"https:\/\/inovad.net\/parkngo\/#\/schema\/logo\/image\/\",\"url\":\"https:\/\/inovad.net\/parkngo\/wp-content\/uploads\/2017\/12\/logo-white.png\",\"contentUrl\":\"https:\/\/inovad.net\/parkngo\/wp-content\/uploads\/2017\/12\/logo-white.png\",\"width\":300,\"height\":71,\"caption\":\"Parkngo, le seul parking \u00e0 moins de 5 minutes d'Orly - 01 46 75 03 03\"},\"image\":{\"@id\":\"https:\/\/inovad.net\/parkngo\/#\/schema\/logo\/image\/\"}}]}<\/script>\n<!-- \/ Yoast SEO plugin. -->","yoast_head_json":{"title":"Parking d\u2019Orly ouest, r\u00e9servez votre place - Parkngo : Votre parking facile et proche d&#039;Orly","robots":{"index":"index","follow":"follow","max-snippet":"max-snippet:-1","max-image-preview":"max-image-preview:large","max-video-preview":"max-video-preview:-1"},"canonical":"https:\/\/inovad.net\/parkngo\/parking-orly-ouest","og_locale":"fr_FR","og_type":"article","og_title":"Parking d\u2019Orly ouest, r\u00e9servez votre place - Parkngo : Votre parking facile et proche d&#039;Orly","og_description":"[vc_row][vc_column icons_position=\u00a0\u00bbleft\u00a0\u00bb][vc_column_text]Trouver un parking \u00e0 l\u2019a\u00e9roport d\u2019Orly n\u2019est pas une mince affaire et peut vous revenir assez cher. Surtout si vous comptez y laisser votre v\u00e9hicule plusieurs jours\u00a0? Comment alors&hellip;","og_url":"https:\/\/inovad.net\/parkngo\/parking-orly-ouest","og_site_name":"Parkngo : Votre parking facile et proche d&#039;Orly","article_modified_time":"2019-04-15T15:34:20+00:00","twitter_card":"summary_large_image","twitter_misc":{"Dur\u00e9e de lecture estim\u00e9e":"4 minutes"},"schema":{"@context":"https:\/\/schema.org","@graph":[{"@type":"WebPage","@id":"https:\/\/inovad.net\/parkngo\/parking-orly-ouest","url":"https:\/\/inovad.net\/parkngo\/parking-orly-ouest","name":"Parking d\u2019Orly ouest, r\u00e9servez votre place - Parkngo : Votre parking facile et proche d&#039;Orly","isPartOf":{"@id":"https:\/\/inovad.net\/parkngo\/#website"},"datePublished":"2019-04-15T15:00:46+00:00","dateModified":"2019-04-15T15:34:20+00:00","breadcrumb":{"@id":"https:\/\/inovad.net\/parkngo\/parking-orly-ouest#breadcrumb"},"inLanguage":"fr-FR","potentialAction":[{"@type":"ReadAction","target":["https:\/\/inovad.net\/parkngo\/parking-orly-ouest"]}]},{"@type":"BreadcrumbList","@id":"https:\/\/inovad.net\/parkngo\/parking-orly-ouest#breadcrumb","itemListElement":[{"@type":"ListItem","position":1,"name":"Accueil","item":"https:\/\/inovad.net\/parkngo\/"},{"@type":"ListItem","position":2,"name":"Parking d\u2019Orly ouest, r\u00e9servez votre place"}]},{"@type":"WebSite","@id":"https:\/\/inovad.net\/parkngo\/#website","url":"https:\/\/inovad.net\/parkngo\/","name":"Parkngo, le seul parking \u00e0 moins de 5 minutes d'Orly - 01 46 75 03 03","description":"Parkngo","publisher":{"@id":"https:\/\/inovad.net\/parkngo\/#organization"},"potentialAction":[{"@type":"SearchAction","target":{"@type":"EntryPoint","urlTemplate":"https:\/\/inovad.net\/parkngo\/?s={search_term_string}"},"query-input":{"@type":"PropertyValueSpecification","valueRequired":true,"valueName":"search_term_string"}}],"inLanguage":"fr-FR"},{"@type":"Organization","@id":"https:\/\/inovad.net\/parkngo\/#organization","name":"Parkngo, le seul parking \u00e0 moins de 5 minutes d'Orly - 01 46 75 03 03","url":"https:\/\/inovad.net\/parkngo\/","logo":{"@type":"ImageObject","inLanguage":"fr-FR","@id":"https:\/\/inovad.net\/parkngo\/#\/schema\/logo\/image\/","url":"https:\/\/inovad.net\/parkngo\/wp-content\/uploads\/2017\/12\/logo-white.png","contentUrl":"https:\/\/inovad.net\/parkngo\/wp-content\/uploads\/2017\/12\/logo-white.png","width":300,"height":71,"caption":"Parkngo, le seul parking \u00e0 moins de 5 minutes d'Orly - 01 46 75 03 03"},"image":{"@id":"https:\/\/inovad.net\/parkngo\/#\/schema\/logo\/image\/"}}]}},"_links":{"self":[{"href":"https:\/\/inovad.net\/parkngo\/wp-json\/wp\/v2\/pages\/1194","targetHints":{"allow":["GET"]}}],"collection":[{"href":"https:\/\/inovad.net\/parkngo\/wp-json\/wp\/v2\/pages"}],"about":[{"href":"https:\/\/inovad.net\/parkngo\/wp-json\/wp\/v2\/types\/page"}],"author":[{"embeddable":true,"href":"https:\/\/inovad.net\/parkngo\/wp-json\/wp\/v2\/users\/7"}],"replies":[{"embeddable":true,"href":"https:\/\/inovad.net\/parkngo\/wp-json\/wp\/v2\/comments?post=1194"}],"version-history":[{"count":3,"href":"https:\/\/inovad.net\/parkngo\/wp-json\/wp\/v2\/pages\/1194\/revisions"}],"predecessor-version":[{"id":1231,"href":"https:\/\/inovad.net\/parkngo\/wp-json\/wp\/v2\/pages\/1194\/revisions\/1231"}],"wp:attachment":[{"href":"https:\/\/inovad.net\/parkngo\/wp-json\/wp\/v2\/media?parent=1194"}],"curies":[{"name":"wp","href":"https:\/\/api.w.org\/{rel}","templated":true}]}}