{"id":1184,"date":"2019-04-15T16:57:51","date_gmt":"2019-04-15T14:57:51","guid":{"rendered":"https:\/\/inovad.net\/parkngo\/?page_id=1184"},"modified":"2019-04-15T17:07:03","modified_gmt":"2019-04-15T15:07:03","slug":"parking-dorly-sud-votre-place-au-meilleur-prix","status":"publish","type":"page","link":"https:\/\/inovad.net\/parkngo\/parking-dorly-sud-votre-place-au-meilleur-prix","title":{"rendered":"Parking d\u2019Orly sud, votre place au meilleur prix"},"content":{"rendered":"<div class=\"wpb-content-wrapper\"><p>[vc_row][vc_column icons_position=\u00a0\u00bbleft\u00a0\u00bb][vc_column_text]Par soucis de stationnement, mais aussi de s\u00e9curit\u00e9 pour leur v\u00e9hicule, de nombreux voyageurs pr\u00e9f\u00e8rent encore se rendre \u00e0 l\u2019a\u00e9roport en bus, ou encore en taxi. Une option peu pratique \u00e0 cause des bagages qu\u2019il faut encore transporter, mais qui vous fait aussi perdre un temps pr\u00e9cieux \u00e0 attendre et \u00e0 stresser quant \u00e0 un possible retard. Pourtant, il existe aujourd\u2019hui des solutions pratiques et abordables pour se rendre \u00e0 l\u2019a\u00e9roport dans le confort de son v\u00e9hicule, sans se tracasser pour le parking, et ce durant toute la dur\u00e9e de votre voyage, notamment gr\u00e2ce \u00e0 <b>parking d\u2019Orly sud<\/b>.[\/vc_column_text][\/vc_column][\/vc_row][vc_row css=\u00a0\u00bb.vc_custom_1555340224396{margin-top: 40px !important;margin-bottom: 40px !important;}\u00a0\u00bb][vc_column icons_position=\u00a0\u00bbleft\u00a0\u00bb][vc_video link=\u00a0\u00bbhttps:\/\/www.youtube.com\/watch?v=6VELZlyPg2w\u00a0\u00bb align=\u00a0\u00bbcenter\u00a0\u00bb][\/vc_column][\/vc_row][vc_row][vc_column icons_position=\u00a0\u00bbleft\u00a0\u00bb][vc_column_text]<\/p>\n<h2>Parking d\u2019Orly sud, pour entamer son voyage en toute tranquillit\u00e9<\/h2>\n<p>Gr\u00e2ce \u00e0 cette offre, vous n\u2019aurez plus \u00e0 vous tracasser quant au stationnement de votre voiture, avant de prendre un vol en partance du terminal sud d\u2019Orly. Une fois votre r\u00e9servation effectu\u00e9e sur le site ou par t\u00e9l\u00e9phone, vous n\u2019avez qu\u2019\u00e0 vous rendre au <b>parking d\u2019Orly sud. <\/b>Une fois sur place, vous donnez le papier confirmant la r\u00e9servation, ou tout simplement votre nom, pour pouvoir garer votre v\u00e9hicule \u00e0 l\u2019emplacement r\u00e9serv\u00e9. Vous serez ensuite achemin\u00e9 gratuitement avec vos bagages au terminal, et ce en quelques minutes seulement. Une navette vous reconduit \u00e9galement \u00e0 votre v\u00e9hicule, une fois de retour. Vous \u00e9conomisez du temps et de l\u2019\u00e9nergie, car il n\u2019y a aucun temps d\u2019attente. Qui plus est, vous n\u2019avez \u00e0 effectuer le paiement par carte bancaire ou en esp\u00e8ces, qu\u2019au moment o\u00f9 vous r\u00e9cup\u00e9rez votre v\u00e9hicule.<\/p>\n<h3>Une solution pratique et abordable<\/h3>\n<p>Le prix des parkings dans les a\u00e9roports repr\u00e9sentent souvent un frein pour les voyageurs. Souvent \u00e9lev\u00e9s, ils ne permettent en plus une solution de stationnement que pour une dur\u00e9e souvent tr\u00e8s limit\u00e9e. Ce genre de probl\u00e8me ne se pose plus avec <b>parking d\u2019Orly sud. <\/b>Il est possible d\u2019y stationner son v\u00e9hicule pour un jour, une semaine, voire un mois et plus. L\u2019avantage, c\u2019est que plus longtemps vous y laisser votre v\u00e9hicule, plus les prix sont d\u00e9gressifs. Au lieu de 40 euros la journ\u00e9e par exemple, le prix sera seulement de 6 euros par jour, lorsque vous d\u00e9passez le mois de stationnement. Une solution qui r\u00e9compense ainsi votre confiance et votre fid\u00e9lit\u00e9 \u00e0 la plateforme. Vous pouvez en plus r\u00e9server ou annuler \u00e0 tout moment, mais aussi rallonger votre r\u00e9servation, en fonction de la dur\u00e9e de votre s\u00e9jour.<\/p>\n<h3>Un parking enti\u00e8rement s\u00e9curis\u00e9<\/h3>\n<p>Mais qu\u2019en est-il de la s\u00e9curit\u00e9, vous dites-vous\u00a0? \u00a0<b>Parking d\u2019Orly sud <\/b>a pens\u00e9 \u00e0 tout. En effet, l\u2019emplacement qu\u2019il met \u00e0 disposition de sa client\u00e8le est totalement s\u00e9curis\u00e9 et surveill\u00e9 24h\/24. Vous avez le choix entre un parking couvert ou non, et le prix variera \u00e9galement selon ce crit\u00e8re. Il est en plus tr\u00e8s facile d\u2019acc\u00e8s et est ouvert jour et nuit, du lundi au dimanche. Il se trouve par ailleurs \u00e0 proximit\u00e9 de l\u2019a\u00e9roport, afin que vous puissiez vous y rendre en seulement quelques minutes et ne pas \u00eatre en retard pour votre vol. Il vous est \u00e9galement possible de trouver et d\u2019imprimer, depuis le site, l\u2019itin\u00e9raire pour se rendre au <b>parking d\u2019Orly sud<\/b>.[\/vc_column_text][\/vc_column][\/vc_row][vc_row css=\u00a0\u00bb.vc_custom_1555340773737{margin-top: 40px !important;}\u00a0\u00bb][vc_column icons_position=\u00a0\u00bbleft\u00a0\u00bb][vc_btn title=\u00a0\u00bbJe r\u00e9serve ma place !\u00a0\u00bb style=\u00a0\u00bbflat\u00a0\u00bb color=\u00a0\u00bbprimary\u00a0\u00bb align=\u00a0\u00bbcenter\u00a0\u00bb link=\u00a0\u00bburl:https%3A%2F%2Finovad.net%2Fparkngo%2Freservation|||\u00a0\u00bb][\/vc_column][\/vc_row]<\/p>\n<\/div>","protected":false},"excerpt":{"rendered":"<p>[vc_row][vc_column icons_position=\u00a0\u00bbleft\u00a0\u00bb][vc_column_text]Par soucis de stationnement, mais aussi de s\u00e9curit\u00e9 pour leur v\u00e9hicule, de nombreux voyageurs pr\u00e9f\u00e8rent encore se rendre \u00e0 l\u2019a\u00e9roport en bus, ou encore en taxi. Une option peu&hellip;<\/p>\n","protected":false},"author":7,"featured_media":0,"parent":0,"menu_order":0,"comment_status":"closed","ping_status":"closed","template":"","meta":{"footnotes":""},"class_list":["post-1184","page","type-page","status-publish","hentry"],"yoast_head":"<!-- This site is optimized with the Yoast SEO plugin v26.6 - https:\/\/yoast.com\/wordpress\/plugins\/seo\/ -->\n<title>Parking d\u2019Orly sud, votre place au meilleur prix - Parkngo : Votre parking facile et proche d&#039;Orly<\/title>\n<meta name=\"robots\" content=\"index, follow, max-snippet:-1, max-image-preview:large, max-video-preview:-1\" \/>\n<link rel=\"canonical\" href=\"https:\/\/inovad.net\/parkngo\/parking-dorly-sud-votre-place-au-meilleur-prix\" \/>\n<meta property=\"og:locale\" content=\"fr_FR\" \/>\n<meta property=\"og:type\" content=\"article\" \/>\n<meta property=\"og:title\" content=\"Parking d\u2019Orly sud, votre place au meilleur prix - Parkngo : Votre parking facile et proche d&#039;Orly\" \/>\n<meta property=\"og:description\" content=\"[vc_row][vc_column icons_position=\u00a0\u00bbleft\u00a0\u00bb][vc_column_text]Par soucis de stationnement, mais aussi de s\u00e9curit\u00e9 pour leur v\u00e9hicule, de nombreux voyageurs pr\u00e9f\u00e8rent encore se rendre \u00e0 l\u2019a\u00e9roport en bus, ou encore en taxi. Une option peu&hellip;\" \/>\n<meta property=\"og:url\" content=\"https:\/\/inovad.net\/parkngo\/parking-dorly-sud-votre-place-au-meilleur-prix\" \/>\n<meta property=\"og:site_name\" content=\"Parkngo : Votre parking facile et proche d&#039;Orly\" \/>\n<meta property=\"article:modified_time\" content=\"2019-04-15T15:07:03+00:00\" \/>\n<meta name=\"twitter:card\" content=\"summary_large_image\" \/>\n<meta name=\"twitter:label1\" content=\"Dur\u00e9e de lecture estim\u00e9e\" \/>\n\t<meta name=\"twitter:data1\" content=\"3 minutes\" \/>\n<script type=\"application\/ld+json\" class=\"yoast-schema-graph\">{\"@context\":\"https:\/\/schema.org\",\"@graph\":[{\"@type\":\"WebPage\",\"@id\":\"https:\/\/inovad.net\/parkngo\/parking-dorly-sud-votre-place-au-meilleur-prix\",\"url\":\"https:\/\/inovad.net\/parkngo\/parking-dorly-sud-votre-place-au-meilleur-prix\",\"name\":\"Parking d\u2019Orly sud, votre place au meilleur prix - Parkngo : Votre parking facile et proche d&#039;Orly\",\"isPartOf\":{\"@id\":\"https:\/\/inovad.net\/parkngo\/#website\"},\"datePublished\":\"2019-04-15T14:57:51+00:00\",\"dateModified\":\"2019-04-15T15:07:03+00:00\",\"breadcrumb\":{\"@id\":\"https:\/\/inovad.net\/parkngo\/parking-dorly-sud-votre-place-au-meilleur-prix#breadcrumb\"},\"inLanguage\":\"fr-FR\",\"potentialAction\":[{\"@type\":\"ReadAction\",\"target\":[\"https:\/\/inovad.net\/parkngo\/parking-dorly-sud-votre-place-au-meilleur-prix\"]}]},{\"@type\":\"BreadcrumbList\",\"@id\":\"https:\/\/inovad.net\/parkngo\/parking-dorly-sud-votre-place-au-meilleur-prix#breadcrumb\",\"itemListElement\":[{\"@type\":\"ListItem\",\"position\":1,\"name\":\"Accueil\",\"item\":\"https:\/\/inovad.net\/parkngo\/\"},{\"@type\":\"ListItem\",\"position\":2,\"name\":\"Parking d\u2019Orly sud, votre place au meilleur prix\"}]},{\"@type\":\"WebSite\",\"@id\":\"https:\/\/inovad.net\/parkngo\/#website\",\"url\":\"https:\/\/inovad.net\/parkngo\/\",\"name\":\"Parkngo, le seul parking \u00e0 moins de 5 minutes d'Orly - 01 46 75 03 03\",\"description\":\"Parkngo\",\"publisher\":{\"@id\":\"https:\/\/inovad.net\/parkngo\/#organization\"},\"potentialAction\":[{\"@type\":\"SearchAction\",\"target\":{\"@type\":\"EntryPoint\",\"urlTemplate\":\"https:\/\/inovad.net\/parkngo\/?s={search_term_string}\"},\"query-input\":{\"@type\":\"PropertyValueSpecification\",\"valueRequired\":true,\"valueName\":\"search_term_string\"}}],\"inLanguage\":\"fr-FR\"},{\"@type\":\"Organization\",\"@id\":\"https:\/\/inovad.net\/parkngo\/#organization\",\"name\":\"Parkngo, le seul parking \u00e0 moins de 5 minutes d'Orly - 01 46 75 03 03\",\"url\":\"https:\/\/inovad.net\/parkngo\/\",\"logo\":{\"@type\":\"ImageObject\",\"inLanguage\":\"fr-FR\",\"@id\":\"https:\/\/inovad.net\/parkngo\/#\/schema\/logo\/image\/\",\"url\":\"https:\/\/inovad.net\/parkngo\/wp-content\/uploads\/2017\/12\/logo-white.png\",\"contentUrl\":\"https:\/\/inovad.net\/parkngo\/wp-content\/uploads\/2017\/12\/logo-white.png\",\"width\":300,\"height\":71,\"caption\":\"Parkngo, le seul parking \u00e0 moins de 5 minutes d'Orly - 01 46 75 03 03\"},\"image\":{\"@id\":\"https:\/\/inovad.net\/parkngo\/#\/schema\/logo\/image\/\"}}]}<\/script>\n<!-- \/ Yoast SEO plugin. -->","yoast_head_json":{"title":"Parking d\u2019Orly sud, votre place au meilleur prix - Parkngo : Votre parking facile et proche d&#039;Orly","robots":{"index":"index","follow":"follow","max-snippet":"max-snippet:-1","max-image-preview":"max-image-preview:large","max-video-preview":"max-video-preview:-1"},"canonical":"https:\/\/inovad.net\/parkngo\/parking-dorly-sud-votre-place-au-meilleur-prix","og_locale":"fr_FR","og_type":"article","og_title":"Parking d\u2019Orly sud, votre place au meilleur prix - Parkngo : Votre parking facile et proche d&#039;Orly","og_description":"[vc_row][vc_column icons_position=\u00a0\u00bbleft\u00a0\u00bb][vc_column_text]Par soucis de stationnement, mais aussi de s\u00e9curit\u00e9 pour leur v\u00e9hicule, de nombreux voyageurs pr\u00e9f\u00e8rent encore se rendre \u00e0 l\u2019a\u00e9roport en bus, ou encore en taxi. Une option peu&hellip;","og_url":"https:\/\/inovad.net\/parkngo\/parking-dorly-sud-votre-place-au-meilleur-prix","og_site_name":"Parkngo : Votre parking facile et proche d&#039;Orly","article_modified_time":"2019-04-15T15:07:03+00:00","twitter_card":"summary_large_image","twitter_misc":{"Dur\u00e9e de lecture estim\u00e9e":"3 minutes"},"schema":{"@context":"https:\/\/schema.org","@graph":[{"@type":"WebPage","@id":"https:\/\/inovad.net\/parkngo\/parking-dorly-sud-votre-place-au-meilleur-prix","url":"https:\/\/inovad.net\/parkngo\/parking-dorly-sud-votre-place-au-meilleur-prix","name":"Parking d\u2019Orly sud, votre place au meilleur prix - Parkngo : Votre parking facile et proche d&#039;Orly","isPartOf":{"@id":"https:\/\/inovad.net\/parkngo\/#website"},"datePublished":"2019-04-15T14:57:51+00:00","dateModified":"2019-04-15T15:07:03+00:00","breadcrumb":{"@id":"https:\/\/inovad.net\/parkngo\/parking-dorly-sud-votre-place-au-meilleur-prix#breadcrumb"},"inLanguage":"fr-FR","potentialAction":[{"@type":"ReadAction","target":["https:\/\/inovad.net\/parkngo\/parking-dorly-sud-votre-place-au-meilleur-prix"]}]},{"@type":"BreadcrumbList","@id":"https:\/\/inovad.net\/parkngo\/parking-dorly-sud-votre-place-au-meilleur-prix#breadcrumb","itemListElement":[{"@type":"ListItem","position":1,"name":"Accueil","item":"https:\/\/inovad.net\/parkngo\/"},{"@type":"ListItem","position":2,"name":"Parking d\u2019Orly sud, votre place au meilleur prix"}]},{"@type":"WebSite","@id":"https:\/\/inovad.net\/parkngo\/#website","url":"https:\/\/inovad.net\/parkngo\/","name":"Parkngo, le seul parking \u00e0 moins de 5 minutes d'Orly - 01 46 75 03 03","description":"Parkngo","publisher":{"@id":"https:\/\/inovad.net\/parkngo\/#organization"},"potentialAction":[{"@type":"SearchAction","target":{"@type":"EntryPoint","urlTemplate":"https:\/\/inovad.net\/parkngo\/?s={search_term_string}"},"query-input":{"@type":"PropertyValueSpecification","valueRequired":true,"valueName":"search_term_string"}}],"inLanguage":"fr-FR"},{"@type":"Organization","@id":"https:\/\/inovad.net\/parkngo\/#organization","name":"Parkngo, le seul parking \u00e0 moins de 5 minutes d'Orly - 01 46 75 03 03","url":"https:\/\/inovad.net\/parkngo\/","logo":{"@type":"ImageObject","inLanguage":"fr-FR","@id":"https:\/\/inovad.net\/parkngo\/#\/schema\/logo\/image\/","url":"https:\/\/inovad.net\/parkngo\/wp-content\/uploads\/2017\/12\/logo-white.png","contentUrl":"https:\/\/inovad.net\/parkngo\/wp-content\/uploads\/2017\/12\/logo-white.png","width":300,"height":71,"caption":"Parkngo, le seul parking \u00e0 moins de 5 minutes d'Orly - 01 46 75 03 03"},"image":{"@id":"https:\/\/inovad.net\/parkngo\/#\/schema\/logo\/image\/"}}]}},"_links":{"self":[{"href":"https:\/\/inovad.net\/parkngo\/wp-json\/wp\/v2\/pages\/1184","targetHints":{"allow":["GET"]}}],"collection":[{"href":"https:\/\/inovad.net\/parkngo\/wp-json\/wp\/v2\/pages"}],"about":[{"href":"https:\/\/inovad.net\/parkngo\/wp-json\/wp\/v2\/types\/page"}],"author":[{"embeddable":true,"href":"https:\/\/inovad.net\/parkngo\/wp-json\/wp\/v2\/users\/7"}],"replies":[{"embeddable":true,"href":"https:\/\/inovad.net\/parkngo\/wp-json\/wp\/v2\/comments?post=1184"}],"version-history":[{"count":5,"href":"https:\/\/inovad.net\/parkngo\/wp-json\/wp\/v2\/pages\/1184\/revisions"}],"predecessor-version":[{"id":1212,"href":"https:\/\/inovad.net\/parkngo\/wp-json\/wp\/v2\/pages\/1184\/revisions\/1212"}],"wp:attachment":[{"href":"https:\/\/inovad.net\/parkngo\/wp-json\/wp\/v2\/media?parent=1184"}],"curies":[{"name":"wp","href":"https:\/\/api.w.org\/{rel}","templated":true}]}}