{"id":1124,"date":"2019-03-27T17:29:55","date_gmt":"2019-03-27T16:29:55","guid":{"rendered":"https:\/\/inovad.net\/parkngo\/?page_id=1124"},"modified":"2025-11-02T21:03:20","modified_gmt":"2025-11-02T20:03:20","slug":"reservation-parking-orly","status":"publish","type":"page","link":"https:\/\/inovad.net\/parkngo\/reservation-parking-orly","title":{"rendered":"R\u00e9servation"},"content":{"rendered":"<div class=\"wpb-content-wrapper\"><p>[vc_row hide_bg_image_on_tablet=\u00a0\u00bb\u00a0\u00bb hide_bg_image_on_mobile=\u00a0\u00bb\u00a0\u00bb shape_divider_top_front=\u00a0\u00bb\u00a0\u00bb shape_divider_bottom_front=\u00a0\u00bb\u00a0\u00bb row_delimiter=\u00a0\u00bb\u00a0\u00bb row_fixed=\u00a0\u00bb2&Prime; hide_on_desktop=\u00a0\u00bb\u00a0\u00bb hide_on_notebook=\u00a0\u00bb\u00a0\u00bb hide_on_tablet=\u00a0\u00bb\u00a0\u00bb hide_on_mobile=\u00a0\u00bb\u00a0\u00bb hide_on_frontpage=\u00a0\u00bb\u00a0\u00bb css=\u00a0\u00bb.vc_custom_1762113799160{background-color: #D2E5F6 !important;}\u00a0\u00bb][vc_column width=\u00a0\u00bb1\/6&Prime; icons_position=\u00a0\u00bbleft\u00a0\u00bb][\/vc_column][vc_column width=\u00a0\u00bb2\/3&Prime; icons_position=\u00a0\u00bbleft\u00a0\u00bb][vc_empty_space][vc_column_text css=\u00a0\u00bb\u00a0\u00bb]<div id=\"pmp-form\">\r\n  \r\n  <form id=\"pmpReservationForm\" method=\"post\" novalidate>\r\n    <input type=\"hidden\" id=\"pmp_res_nonce\" name=\"pmp_res_nonce\" value=\"2158856ad7\" \/><input type=\"hidden\" name=\"_wp_http_referer\" value=\"\/parkngo\/wp-json\/wp\/v2\/pages\/1124\" \/>\r\n    <div class=\"step step-1 active\">\r\n      <h3>\u00c9tape 1 : Votre voyage<\/h3>\r\n\r\n      <label class=\"req\">Terminal de d\u00e9part<\/label>\r\n      <select name=\"terminal_depart\" required>\r\n        <option value=''>Choisir...<\/option>\r\n        <option>Terminal 1<\/option>\r\n        <option>Terminal 2<\/option>\r\n        <option>Terminal 3<\/option>\r\n        <option>Terminal 4<\/option>\r\n      <\/select>\r\n\r\n      <label class=\"req\">Date de d\u00e9p\u00f4t<\/label>\r\n      <input type=\"datetime-local\" name=\"date_depot\" required value=\"\">\r\n\r\n      <label class=\"req\">Terminal de retour<\/label>\r\n      <select name=\"terminal_retour\" required>\r\n        <option value=''>Choisir...<\/option>\r\n        <option>Terminal 1<\/option>\r\n        <option>Terminal 2<\/option>\r\n        <option>Terminal 3<\/option>\r\n        <option>Terminal 4<\/option>\r\n      <\/select>\r\n\r\n      <label class=\"req\">Date de retour<\/label>\r\n      <input type=\"datetime-local\" name=\"date_retour\" required value=\"\">\r\n\r\n      <button type=\"button\" class=\"next\">Suivant<\/button>\r\n    <\/div>\r\n\r\n    <div class=\"step step-2\">\r\n      <h3>\u00c9tape 2 : V\u00e9hicule, parking &amp; passagers<\/h3>\r\n\r\n      <div class=\"grid2\">\r\n        <div>\r\n          <label class=\"req\">Type de v\u00e9hicule<\/label>\r\n          <select name=\"vehicle_type\" required>\r\n            <option value=''>Choisir...<\/option>\r\n            <option value=\"voiture\">Voiture<\/option>\r\n            <option value=\"moto\">Moto<\/option>\r\n          <\/select>\r\n        <\/div>\r\n        <div>\r\n          <label class=\"req\">Mod\u00e8le<\/label>\r\n          <input type=\"text\" name=\"vehicle_model\" placeholder=\"Ex: Peugeot 208\" required>\r\n        <\/div>\r\n      <\/div>\r\n\r\n      <div class=\"grid2\">\r\n        <div>\r\n          <label class=\"req\">Immatriculation<\/label>\r\n          <input type=\"text\" name=\"vehicle_plate\" placeholder=\"AA-123-BB\" required>\r\n        <\/div>\r\n        <div>\r\n          <label class=\"req\">Type de parking<\/label>\r\n          <select name=\"type_parking\" required>\r\n            <option value=\"\">Choisir...<\/option>\r\n            <option value=\"exterieur\">Ext\u00e9rieur<\/option>\r\n            <option value=\"interieur\">Int\u00e9rieur (couvert)<\/option>\r\n          <\/select>\r\n        <\/div>\r\n      <\/div>\r\n\r\n      <div class=\"grid2\">\r\n        <div>\r\n          <label class=\"req\">Nombre de passagers<\/label>\r\n          <input type=\"number\" name=\"nb_passagers\" min=\"1\" max=\"8\" value=\"1\" required>\r\n        <\/div>\r\n        <div class=\"opt-keys\">\r\n          <label>\r\n            <input type=\"checkbox\" name=\"keep_keys\" value=\"1\">\r\n            Gardez vos cl\u00e9s (10,00 \u20ac)\r\n          <\/label>\r\n        <\/div>\r\n      <\/div>\r\n\r\n      <button type=\"button\" class=\"prev\">Pr\u00e9c\u00e9dent<\/button>\r\n      <button type=\"button\" class=\"next\">Suivant<\/button>\r\n    <\/div>\r\n\r\n    <div class=\"step step-3\">\r\n      <h3>\u00c9tape 3 : Options<\/h3>\r\n\r\n      <div style=\"display:grid;grid-template-columns:1fr 1fr;gap:16px;\">\r\n        <label>\r\n          <input type=\"checkbox\" name=\"assurance_annulation\" value=\"1\">\r\n          Assurance annulation (10,00 \u20ac)\r\n        <\/label>\r\n        <label>\r\n          <input type=\"checkbox\" name=\"recharge_electrique\" value=\"1\">\r\n          Recharge \u00e9lectrique (20,00 \u20ac)\r\n        <\/label>\r\n      <\/div>\r\n\r\n      <button type=\"button\" class=\"prev\">Pr\u00e9c\u00e9dent<\/button>\r\n      <button type=\"button\" class=\"next\">Suivant<\/button>\r\n    <\/div>\r\n\r\n    <div class=\"step step-4\">\r\n      <h3>\u00c9tape 4 : Coordonn\u00e9es<\/h3>\r\n\r\n      <label class=\"req\">Pr\u00e9nom<\/label>\r\n      <input type=\"text\" name=\"prenom\" placeholder=\"Pr\u00e9nom\" required>\r\n\r\n      <label class=\"req\">Nom<\/label>\r\n      <input type=\"text\" name=\"nom\" placeholder=\"Nom\" required>\r\n\r\n      <label class=\"req\">Email<\/label>\r\n      <input type=\"email\" name=\"email\" placeholder=\"Email\" required>\r\n\r\n      <label class=\"req\">T\u00e9l\u00e9phone<\/label>\r\n      <input type=\"tel\" name=\"mobile\" placeholder=\"T\u00e9l\u00e9phone\" required>\r\n\r\n      <button type=\"button\" class=\"prev\">Pr\u00e9c\u00e9dent<\/button>\r\n      <button type=\"button\" class=\"next\">Suivant<\/button>\r\n    <\/div>\r\n\r\n    <div class=\"step step-5\">\r\n      <h3>\u00c9tape 5 : R\u00e9capitulatif &amp; Paiement<\/h3>\r\n\r\n      <div id=\"pmp-resume\"><\/div>\r\n\r\n      <fieldset>\r\n        <legend class=\"req\">Mode de paiement<\/legend>\r\n\r\n        <!-- Le paiement par carte (Stripe) est masqu\u00e9 ; nous laissons uniquement le paiement sur place s\u00e9lectionn\u00e9 par d\u00e9faut -->\r\n        <label>\r\n          <input type=\"radio\" name=\"mode_paiement\" value=\"stripe\" checked>\r\n          Carte Bancaire(Stripe)\r\n        <\/label>\r\n        <label>\r\n          <input type=\"radio\" name=\"mode_paiement\" value=\"cash\">\r\n          Sur place\r\n        <\/label>\r\n      <\/fieldset>\r\n\r\n      <!-- In step 5 the user reviews their summary and chooses a payment method.\r\n           The form does not submit yet; instead we move to the final step. -->\r\n      <button type=\"button\" class=\"prev\">Pr\u00e9c\u00e9dent<\/button>\r\n      <button type=\"button\" class=\"next\">Suivant<\/button>\r\n    <\/div>\r\n\r\n    <!-- \u00c9tape finale : validation + submit r\u00e9el -->\r\n    <div class=\"step step-6\">\r\n      <h3>\u00c9tape 6&nbsp;: Validation<\/h3>\r\n      <p>Merci de v\u00e9rifier vos informations. Cliquez sur \u00ab&nbsp;Valider la commande&nbsp;\u00bb pour terminer votre r\u00e9servation.<\/p>\r\n\r\n      <!-- Conditions g\u00e9n\u00e9rales de vente acceptance -->\r\n      <label style=\"display:block;margin-top:14px;font-size:14px;line-height:1.4;\">\r\n        <input type=\"checkbox\" name=\"accept_cgv\" required style=\"margin-right:6px;vertical-align:middle;\">\r\n        J\u2019accepte les\r\n        <a href=\"https:\/\/www.parkngo.fr\/conditions-generales\" target=\"_blank\" rel=\"noopener noreferrer\">Conditions g\u00e9n\u00e9rales de vente<\/a>\r\n      <\/label>\r\n\r\n      <button type=\"button\" class=\"prev\">Pr\u00e9c\u00e9dent<\/button>\r\n      <button type=\"submit\" class=\"submit\">Valider la commande<\/button>\r\n    <\/div>\r\n  <\/form>\r\n\r\n  <div id=\"pmp-result\"><\/div>\r\n\r\n  <script>\r\n  (function () {\r\n    \/\/ --- Pr\u00e9remplissage des terminaux depuis la quickbar ---\r\n    var dep = \"\";\r\n    var ret = \"\";\r\n\r\n    if (dep) {\r\n      var s = document.querySelector(\"select[name='terminal_depart']\");\r\n      if (s) {\r\n        for (var i = 0; i < s.options.length; i++) {\r\n          if (s.options[i].text === dep || s.options[i].value === dep) {\r\n            s.selectedIndex = i;\r\n            break;\r\n          }\r\n        }\r\n      }\r\n    }\r\n\r\n    if (ret) {\r\n      var s2 = document.querySelector(\"select[name='terminal_retour']\");\r\n      if (s2) {\r\n        for (var j = 0; j < s2.options.length; j++) {\r\n          if (s2.options[j].text === ret || s2.options[j].value === ret) {\r\n            s2.selectedIndex = j;\r\n            break;\r\n          }\r\n        }\r\n      }\r\n    }\r\n\r\n    \/\/ --- Protection anti double-clic \/ double submit ---\r\n    var form = document.getElementById('pmpReservationForm');\r\n    if (form) {\r\n      var submitBtn    = form.querySelector('button[type=\"submit\"].submit');\r\n      var isSubmitting = false;\r\n\r\n      form.addEventListener('submit', function (e) {\r\n        \/\/ si une soumission est d\u00e9j\u00e0 en cours, on bloque\r\n        if (isSubmitting) {\r\n          e.preventDefault();\r\n          e.stopPropagation();\r\n          return false;\r\n        }\r\n\r\n        isSubmitting = true;\r\n\r\n        if (submitBtn) {\r\n          submitBtn.disabled = true;\r\n          submitBtn.classList.add('pmp-submit-disabled');\r\n          submitBtn.textContent = 'Traitement en cours...';\r\n        }\r\n      }, false);\r\n    }\r\n  })();\r\n  <\/script>\r\n<\/div>\r\n<br \/>\n[\/vc_column_text][vc_empty_space hide_on_desktop=\u00a0\u00bb\u00a0\u00bb hide_on_notebook=\u00a0\u00bb\u00a0\u00bb hide_on_tablet=\u00a0\u00bb\u00a0\u00bb hide_on_mobile=\u00a0\u00bb\u00a0\u00bb][\/vc_column][vc_column width=\u00a0\u00bb1\/6&Prime; icons_position=\u00a0\u00bbleft\u00a0\u00bb][\/vc_column][\/vc_row][vc_row][vc_column icons_position=\u00a0\u00bbleft\u00a0\u00bb][vc_empty_space height=\u00a0\u00bb60px\u00a0\u00bb hide_on_desktop=\u00a0\u00bb\u00a0\u00bb hide_on_notebook=\u00a0\u00bb\u00a0\u00bb hide_on_tablet=\u00a0\u00bb\u00a0\u00bb hide_on_mobile=\u00a0\u00bb\u00a0\u00bb][\/vc_column][\/vc_row]<\/p>\n<\/div>","protected":false},"excerpt":{"rendered":"<p>[vc_row hide_bg_image_on_tablet=\u00a0\u00bb\u00a0\u00bb hide_bg_image_on_mobile=\u00a0\u00bb\u00a0\u00bb shape_divider_top_front=\u00a0\u00bb\u00a0\u00bb shape_divider_bottom_front=\u00a0\u00bb\u00a0\u00bb row_delimiter=\u00a0\u00bb\u00a0\u00bb row_fixed=\u00a0\u00bb2&Prime; hide_on_desktop=\u00a0\u00bb\u00a0\u00bb hide_on_notebook=\u00a0\u00bb\u00a0\u00bb hide_on_tablet=\u00a0\u00bb\u00a0\u00bb hide_on_mobile=\u00a0\u00bb\u00a0\u00bb hide_on_frontpage=\u00a0\u00bb\u00a0\u00bb css=\u00a0\u00bb.vc_custom_1762113799160{background-color: #D2E5F6 !important;}\u00a0\u00bb][vc_column width=\u00a0\u00bb1\/6&Prime; icons_position=\u00a0\u00bbleft\u00a0\u00bb][\/vc_column][vc_column width=\u00a0\u00bb2\/3&Prime; icons_position=\u00a0\u00bbleft\u00a0\u00bb][vc_empty_space][vc_column_text css=\u00a0\u00bb\u00a0\u00bb] [\/vc_column_text][vc_empty_space hide_on_desktop=\u00a0\u00bb\u00a0\u00bb hide_on_notebook=\u00a0\u00bb\u00a0\u00bb hide_on_tablet=\u00a0\u00bb\u00a0\u00bb hide_on_mobile=\u00a0\u00bb\u00a0\u00bb][\/vc_column][vc_column width=\u00a0\u00bb1\/6&Prime; icons_position=\u00a0\u00bbleft\u00a0\u00bb][\/vc_column][\/vc_row][vc_row][vc_column icons_position=\u00a0\u00bbleft\u00a0\u00bb][vc_empty_space height=\u00a0\u00bb60px\u00a0\u00bb hide_on_desktop=\u00a0\u00bb\u00a0\u00bb&hellip;<\/p>\n","protected":false},"author":7,"featured_media":908,"parent":0,"menu_order":0,"comment_status":"closed","ping_status":"closed","template":"","meta":{"footnotes":""},"class_list":["post-1124","page","type-page","status-publish","has-post-thumbnail","hentry"],"yoast_head":"<!-- This site is optimized with the Yoast SEO plugin v26.6 - https:\/\/yoast.com\/wordpress\/plugins\/seo\/ -->\n<title>R\u00e9servation - Parkngo : Votre parking facile et proche d&#039;Orly<\/title>\n<meta name=\"description\" content=\"R\u00e9servation parking - Parkngo : Votre parking facile et proche d&#039;Orly\" \/>\n<meta name=\"robots\" content=\"index, follow, max-snippet:-1, max-image-preview:large, max-video-preview:-1\" \/>\n<link rel=\"canonical\" href=\"https:\/\/inovad.net\/parkngo\/reservation-parking-orly\" \/>\n<meta property=\"og:locale\" content=\"fr_FR\" \/>\n<meta property=\"og:type\" content=\"article\" \/>\n<meta property=\"og:title\" content=\"R\u00e9servation - Parkngo : Votre parking facile et proche d&#039;Orly\" \/>\n<meta property=\"og:description\" content=\"R\u00e9servation parking - Parkngo : Votre parking facile et proche d&#039;Orly\" \/>\n<meta property=\"og:url\" content=\"https:\/\/inovad.net\/parkngo\/reservation-parking-orly\" \/>\n<meta property=\"og:site_name\" content=\"Parkngo : Votre parking facile et proche d&#039;Orly\" \/>\n<meta property=\"article:modified_time\" content=\"2025-11-02T20:03:20+00:00\" \/>\n<meta property=\"og:image\" content=\"https:\/\/inovad.net\/parkngo\/wp-content\/uploads\/2019\/02\/video.png\" \/>\n\t<meta property=\"og:image:width\" content=\"650\" \/>\n\t<meta property=\"og:image:height\" content=\"366\" \/>\n\t<meta property=\"og:image:type\" content=\"image\/png\" \/>\n<meta name=\"twitter:card\" content=\"summary_large_image\" \/>\n<meta name=\"twitter:label1\" content=\"Dur\u00e9e de lecture estim\u00e9e\" \/>\n\t<meta name=\"twitter:data1\" content=\"1 minute\" \/>\n<script type=\"application\/ld+json\" class=\"yoast-schema-graph\">{\"@context\":\"https:\/\/schema.org\",\"@graph\":[{\"@type\":\"WebPage\",\"@id\":\"https:\/\/inovad.net\/parkngo\/reservation-parking-orly\",\"url\":\"https:\/\/inovad.net\/parkngo\/reservation-parking-orly\",\"name\":\"R\u00e9servation - Parkngo : Votre parking facile et proche d&#039;Orly\",\"isPartOf\":{\"@id\":\"https:\/\/inovad.net\/parkngo\/#website\"},\"primaryImageOfPage\":{\"@id\":\"https:\/\/inovad.net\/parkngo\/reservation-parking-orly#primaryimage\"},\"image\":{\"@id\":\"https:\/\/inovad.net\/parkngo\/reservation-parking-orly#primaryimage\"},\"thumbnailUrl\":\"https:\/\/inovad.net\/parkngo\/wp-content\/uploads\/2019\/02\/video.png\",\"datePublished\":\"2019-03-27T16:29:55+00:00\",\"dateModified\":\"2025-11-02T20:03:20+00:00\",\"description\":\"R\u00e9servation parking - Parkngo : Votre parking facile et proche d'Orly\",\"breadcrumb\":{\"@id\":\"https:\/\/inovad.net\/parkngo\/reservation-parking-orly#breadcrumb\"},\"inLanguage\":\"fr-FR\",\"potentialAction\":[{\"@type\":\"ReadAction\",\"target\":[\"https:\/\/inovad.net\/parkngo\/reservation-parking-orly\"]}]},{\"@type\":\"ImageObject\",\"inLanguage\":\"fr-FR\",\"@id\":\"https:\/\/inovad.net\/parkngo\/reservation-parking-orly#primaryimage\",\"url\":\"https:\/\/inovad.net\/parkngo\/wp-content\/uploads\/2019\/02\/video.png\",\"contentUrl\":\"https:\/\/inovad.net\/parkngo\/wp-content\/uploads\/2019\/02\/video.png\",\"width\":650,\"height\":366},{\"@type\":\"BreadcrumbList\",\"@id\":\"https:\/\/inovad.net\/parkngo\/reservation-parking-orly#breadcrumb\",\"itemListElement\":[{\"@type\":\"ListItem\",\"position\":1,\"name\":\"Accueil\",\"item\":\"https:\/\/inovad.net\/parkngo\/\"},{\"@type\":\"ListItem\",\"position\":2,\"name\":\"R\u00e9servation\"}]},{\"@type\":\"WebSite\",\"@id\":\"https:\/\/inovad.net\/parkngo\/#website\",\"url\":\"https:\/\/inovad.net\/parkngo\/\",\"name\":\"Parkngo, le seul parking \u00e0 moins de 5 minutes d'Orly - 01 46 75 03 03\",\"description\":\"Parkngo\",\"publisher\":{\"@id\":\"https:\/\/inovad.net\/parkngo\/#organization\"},\"potentialAction\":[{\"@type\":\"SearchAction\",\"target\":{\"@type\":\"EntryPoint\",\"urlTemplate\":\"https:\/\/inovad.net\/parkngo\/?s={search_term_string}\"},\"query-input\":{\"@type\":\"PropertyValueSpecification\",\"valueRequired\":true,\"valueName\":\"search_term_string\"}}],\"inLanguage\":\"fr-FR\"},{\"@type\":\"Organization\",\"@id\":\"https:\/\/inovad.net\/parkngo\/#organization\",\"name\":\"Parkngo, le seul parking \u00e0 moins de 5 minutes d'Orly - 01 46 75 03 03\",\"url\":\"https:\/\/inovad.net\/parkngo\/\",\"logo\":{\"@type\":\"ImageObject\",\"inLanguage\":\"fr-FR\",\"@id\":\"https:\/\/inovad.net\/parkngo\/#\/schema\/logo\/image\/\",\"url\":\"https:\/\/inovad.net\/parkngo\/wp-content\/uploads\/2017\/12\/logo-white.png\",\"contentUrl\":\"https:\/\/inovad.net\/parkngo\/wp-content\/uploads\/2017\/12\/logo-white.png\",\"width\":300,\"height\":71,\"caption\":\"Parkngo, le seul parking \u00e0 moins de 5 minutes d'Orly - 01 46 75 03 03\"},\"image\":{\"@id\":\"https:\/\/inovad.net\/parkngo\/#\/schema\/logo\/image\/\"}}]}<\/script>\n<!-- \/ Yoast SEO plugin. -->","yoast_head_json":{"title":"R\u00e9servation - Parkngo : Votre parking facile et proche d&#039;Orly","description":"R\u00e9servation parking - Parkngo : Votre parking facile et proche d'Orly","robots":{"index":"index","follow":"follow","max-snippet":"max-snippet:-1","max-image-preview":"max-image-preview:large","max-video-preview":"max-video-preview:-1"},"canonical":"https:\/\/inovad.net\/parkngo\/reservation-parking-orly","og_locale":"fr_FR","og_type":"article","og_title":"R\u00e9servation - Parkngo : Votre parking facile et proche d&#039;Orly","og_description":"R\u00e9servation parking - Parkngo : Votre parking facile et proche d'Orly","og_url":"https:\/\/inovad.net\/parkngo\/reservation-parking-orly","og_site_name":"Parkngo : Votre parking facile et proche d&#039;Orly","article_modified_time":"2025-11-02T20:03:20+00:00","og_image":[{"width":650,"height":366,"url":"https:\/\/inovad.net\/parkngo\/wp-content\/uploads\/2019\/02\/video.png","type":"image\/png"}],"twitter_card":"summary_large_image","twitter_misc":{"Dur\u00e9e de lecture estim\u00e9e":"1 minute"},"schema":{"@context":"https:\/\/schema.org","@graph":[{"@type":"WebPage","@id":"https:\/\/inovad.net\/parkngo\/reservation-parking-orly","url":"https:\/\/inovad.net\/parkngo\/reservation-parking-orly","name":"R\u00e9servation - Parkngo : Votre parking facile et proche d&#039;Orly","isPartOf":{"@id":"https:\/\/inovad.net\/parkngo\/#website"},"primaryImageOfPage":{"@id":"https:\/\/inovad.net\/parkngo\/reservation-parking-orly#primaryimage"},"image":{"@id":"https:\/\/inovad.net\/parkngo\/reservation-parking-orly#primaryimage"},"thumbnailUrl":"https:\/\/inovad.net\/parkngo\/wp-content\/uploads\/2019\/02\/video.png","datePublished":"2019-03-27T16:29:55+00:00","dateModified":"2025-11-02T20:03:20+00:00","description":"R\u00e9servation parking - Parkngo : Votre parking facile et proche d'Orly","breadcrumb":{"@id":"https:\/\/inovad.net\/parkngo\/reservation-parking-orly#breadcrumb"},"inLanguage":"fr-FR","potentialAction":[{"@type":"ReadAction","target":["https:\/\/inovad.net\/parkngo\/reservation-parking-orly"]}]},{"@type":"ImageObject","inLanguage":"fr-FR","@id":"https:\/\/inovad.net\/parkngo\/reservation-parking-orly#primaryimage","url":"https:\/\/inovad.net\/parkngo\/wp-content\/uploads\/2019\/02\/video.png","contentUrl":"https:\/\/inovad.net\/parkngo\/wp-content\/uploads\/2019\/02\/video.png","width":650,"height":366},{"@type":"BreadcrumbList","@id":"https:\/\/inovad.net\/parkngo\/reservation-parking-orly#breadcrumb","itemListElement":[{"@type":"ListItem","position":1,"name":"Accueil","item":"https:\/\/inovad.net\/parkngo\/"},{"@type":"ListItem","position":2,"name":"R\u00e9servation"}]},{"@type":"WebSite","@id":"https:\/\/inovad.net\/parkngo\/#website","url":"https:\/\/inovad.net\/parkngo\/","name":"Parkngo, le seul parking \u00e0 moins de 5 minutes d'Orly - 01 46 75 03 03","description":"Parkngo","publisher":{"@id":"https:\/\/inovad.net\/parkngo\/#organization"},"potentialAction":[{"@type":"SearchAction","target":{"@type":"EntryPoint","urlTemplate":"https:\/\/inovad.net\/parkngo\/?s={search_term_string}"},"query-input":{"@type":"PropertyValueSpecification","valueRequired":true,"valueName":"search_term_string"}}],"inLanguage":"fr-FR"},{"@type":"Organization","@id":"https:\/\/inovad.net\/parkngo\/#organization","name":"Parkngo, le seul parking \u00e0 moins de 5 minutes d'Orly - 01 46 75 03 03","url":"https:\/\/inovad.net\/parkngo\/","logo":{"@type":"ImageObject","inLanguage":"fr-FR","@id":"https:\/\/inovad.net\/parkngo\/#\/schema\/logo\/image\/","url":"https:\/\/inovad.net\/parkngo\/wp-content\/uploads\/2017\/12\/logo-white.png","contentUrl":"https:\/\/inovad.net\/parkngo\/wp-content\/uploads\/2017\/12\/logo-white.png","width":300,"height":71,"caption":"Parkngo, le seul parking \u00e0 moins de 5 minutes d'Orly - 01 46 75 03 03"},"image":{"@id":"https:\/\/inovad.net\/parkngo\/#\/schema\/logo\/image\/"}}]}},"_links":{"self":[{"href":"https:\/\/inovad.net\/parkngo\/wp-json\/wp\/v2\/pages\/1124","targetHints":{"allow":["GET"]}}],"collection":[{"href":"https:\/\/inovad.net\/parkngo\/wp-json\/wp\/v2\/pages"}],"about":[{"href":"https:\/\/inovad.net\/parkngo\/wp-json\/wp\/v2\/types\/page"}],"author":[{"embeddable":true,"href":"https:\/\/inovad.net\/parkngo\/wp-json\/wp\/v2\/users\/7"}],"replies":[{"embeddable":true,"href":"https:\/\/inovad.net\/parkngo\/wp-json\/wp\/v2\/comments?post=1124"}],"version-history":[{"count":72,"href":"https:\/\/inovad.net\/parkngo\/wp-json\/wp\/v2\/pages\/1124\/revisions"}],"predecessor-version":[{"id":2115,"href":"https:\/\/inovad.net\/parkngo\/wp-json\/wp\/v2\/pages\/1124\/revisions\/2115"}],"wp:featuredmedia":[{"embeddable":true,"href":"https:\/\/inovad.net\/parkngo\/wp-json\/wp\/v2\/media\/908"}],"wp:attachment":[{"href":"https:\/\/inovad.net\/parkngo\/wp-json\/wp\/v2\/media?parent=1124"}],"curies":[{"name":"wp","href":"https:\/\/api.w.org\/{rel}","templated":true}]}}